{"id":24222,"date":"2025-06-19T01:59:28","date_gmt":"2025-06-19T00:59:28","guid":{"rendered":"https:\/\/anakena.de\/?page_id=24222"},"modified":"2025-06-19T02:46:21","modified_gmt":"2025-06-19T01:46:21","slug":"erklaerung-zur-barrierefreiheit","status":"publish","type":"page","link":"https:\/\/anakena.de\/de_de_formal\/erklaerung-zur-barrierefreiheit\/","title":{"rendered":"Erkl\u00e4rung zur Barrierefreiheit"},"content":{"rendered":"\t\t<div data-elementor-type=\"wp-page\" data-elementor-id=\"24222\" class=\"elementor elementor-24222\" data-elementor-settings=\"{&quot;ha_cmc_init_switcher&quot;:&quot;no&quot;}\" data-elementor-post-type=\"page\">\n\t\t\t\t\t\t<section class=\"ob-is-breaking-bad elementor-section elementor-top-section elementor-element elementor-element-122f7e7 elementor-section-boxed elementor-section-height-default elementor-section-height-default\" data-id=\"122f7e7\" data-element_type=\"section\" data-e-type=\"section\" data-settings=\"{&quot;_ob_bbad_use_it&quot;:&quot;yes&quot;,&quot;_ob_bbad_sssic_use&quot;:&quot;no&quot;,&quot;_ob_glider_is_slider&quot;:&quot;no&quot;,&quot;_ha_eqh_enable&quot;:false}\">\n\t\t\t\t\t\t<div class=\"elementor-container elementor-column-gap-default\">\n\t\t\t\t\t<div class=\"elementor-column elementor-col-100 elementor-top-column elementor-element elementor-element-ad41aad\" data-id=\"ad41aad\" data-element_type=\"column\" data-e-type=\"column\" data-settings=\"{&quot;_ob_bbad_is_stalker&quot;:&quot;no&quot;,&quot;_ob_teleporter_use&quot;:false,&quot;_ob_column_hoveranimator&quot;:&quot;no&quot;,&quot;_ob_column_has_pseudo&quot;:&quot;no&quot;}\">\n\t\t\t<div class=\"elementor-widget-wrap elementor-element-populated\">\n\t\t\t\t\t\t<div class=\"elementor-element elementor-element-18c67c4 ob-harakiri-inherit ob-has-background-overlay elementor-widget elementor-widget-heading\" data-id=\"18c67c4\" data-element_type=\"widget\" data-e-type=\"widget\" data-settings=\"{&quot;_ob_use_harakiri&quot;:&quot;yes&quot;,&quot;_ob_harakiri_writing_mode&quot;:&quot;inherit&quot;,&quot;_ob_harakiri_text_clip&quot;:&quot;none&quot;,&quot;_ob_perspektive_use&quot;:&quot;no&quot;,&quot;_ob_poopart_use&quot;:&quot;yes&quot;,&quot;_ob_shadough_use&quot;:&quot;no&quot;,&quot;_ob_allow_hoveranimator&quot;:&quot;no&quot;,&quot;_ob_widget_stalker_use&quot;:&quot;no&quot;}\" data-widget_type=\"heading.default\">\n\t\t\t\t<div class=\"elementor-widget-container\">\n\t\t\t\t\t<h2 class=\"elementor-heading-title elementor-size-default\">BARRIEREFREIHEITSERKL\u00c4RUNG<\/h2>\t\t\t\t<\/div>\n\t\t\t\t<\/div>\n\t\t\t\t\t<\/div>\n\t\t<\/div>\n\t\t\t\t\t<\/div>\n\t\t<\/section>\n\t\t\t\t<section class=\"ob-is-breaking-bad elementor-section elementor-top-section elementor-element elementor-element-1b75a47 elementor-section-boxed elementor-section-height-default elementor-section-height-default\" data-id=\"1b75a47\" data-element_type=\"section\" data-e-type=\"section\" data-settings=\"{&quot;_ob_bbad_use_it&quot;:&quot;yes&quot;,&quot;_ob_bbad_sssic_use&quot;:&quot;no&quot;,&quot;_ob_glider_is_slider&quot;:&quot;no&quot;,&quot;_ha_eqh_enable&quot;:false}\">\n\t\t\t\t\t\t<div class=\"elementor-container elementor-column-gap-default\">\n\t\t\t\t\t<div class=\"elementor-column elementor-col-100 elementor-top-column elementor-element elementor-element-597e2e3\" data-id=\"597e2e3\" data-element_type=\"column\" data-e-type=\"column\" data-settings=\"{&quot;_ob_bbad_is_stalker&quot;:&quot;no&quot;,&quot;_ob_teleporter_use&quot;:false,&quot;_ob_column_hoveranimator&quot;:&quot;no&quot;,&quot;_ob_column_has_pseudo&quot;:&quot;no&quot;}\">\n\t\t\t<div class=\"elementor-widget-wrap elementor-element-populated\">\n\t\t\t\t\t\t<div class=\"elementor-element elementor-element-c801e6a ob-harakiri-inherit ob-has-background-overlay elementor-widget elementor-widget-text-editor\" data-id=\"c801e6a\" data-element_type=\"widget\" data-e-type=\"widget\" data-settings=\"{&quot;_ob_use_harakiri&quot;:&quot;yes&quot;,&quot;_ob_harakiri_writing_mode&quot;:&quot;inherit&quot;,&quot;_ob_postman_use&quot;:&quot;no&quot;,&quot;_ob_perspektive_use&quot;:&quot;no&quot;,&quot;_ob_poopart_use&quot;:&quot;yes&quot;,&quot;_ob_shadough_use&quot;:&quot;no&quot;,&quot;_ob_allow_hoveranimator&quot;:&quot;no&quot;,&quot;_ob_widget_stalker_use&quot;:&quot;no&quot;}\" data-widget_type=\"text-editor.default\">\n\t\t\t\t<div class=\"elementor-widget-container\">\n\t\t\t\t\t\t\t\t\t<h2 style=\"text-align: center;\">1) Einleitung<\/h2><p style=\"text-align: center;\">Wir freuen uns \u00fcber Ihren Besuch unserer Website und bedanken uns f\u00fcr Ihr Interesse.<br \/>Nachstehend erhalten Sie Informationen zur barrierefreien Nutzbarkeit unseres Online-Angebots.<br \/>Wir informieren Sie dar\u00fcber,<br \/>&#8211; welches Angebot und welche Funktionen Sie auf dieser Website erwarten,<br \/>&#8211; wie Sie dieses Angebot und die Funktionen nutzen k\u00f6nnen,<br \/>&#8211; welche M\u00f6glichkeiten zur barrierefreien Nutzung Ihnen zur Verf\u00fcgung stehen und<br \/>&#8211; welche Beh\u00f6rde f\u00fcr die \u00dcberwachung der Barrierefreiheit auf dieser Website zust\u00e4ndig ist.<\/p><h2 style=\"text-align: center;\">2) Angebot und Funktionen dieser Website<\/h2><p style=\"text-align: center;\">Diese Website ist ein Online-Shop f\u00fcr den Verkauf von Waren.<br \/>Als Waren gelten hierbei k\u00f6rperliche Gegenst\u00e4nde.<br \/>Es werden Ihnen hier Waren pr\u00e4sentiert, die einem elektronischen Warenkorb hinzugef\u00fcgt und sodann verbindlich bestellt und bezahlt werden k\u00f6nnen.<br \/>Diese Website verf\u00fcgt \u00fcber ein Kopf- und ein Fu\u00dfzeilenmen\u00fc.<br \/>Im Kopfzeilenmen\u00fc sind die von uns verkauften Waren nach Kategorien aufgelistet und k\u00f6nnen von dort einzeln aufgerufen werden.<br \/>Jede Ware ist mit weiteren Informationen zu ihren wesentlichen Eigenschaften, dem Lieferumfang und dem Gesamtpreis auf einer eigenen Detailseite beschrieben. Von dort kann sie dem elektronischen Warenkorb hinzugef\u00fcgt werden.<br \/>Au\u00dferdem kann \u00fcber das Kopfzeilenmen\u00fc der elektronische Warenkorb besucht werden, sobald Sie diesem mindestens eine Ware hinzugef\u00fcgt haben. Von diesem Warenkorb aus kann der elektronische Bestellprozess eingeleitet und abgeschlossen werden.<br \/>Im Fu\u00dfzeilenmen\u00fc finden Sie Verlinkungen auf unser Impressum mit unseren Kontaktinformationen sowie auf Informationen zu den rechtlichen Grundlagen unseres Online-Angebots, zu Versand und Zahlungsm\u00f6glichkeiten sowie Links auf weitere hilfreiche Service-Seiten.<\/p><h2 style=\"text-align: center;\">3) Erl\u00e4uterungen zur Nutzung des Angebots und der Funktionen<\/h2><p style=\"text-align: center;\">3.1 Virtuelle Schaltfl\u00e4chen<br \/>Diese Website kann \u00fcber virtuelle Schaltfl\u00e4chen bedient werden.<br \/>3.2 Start-, \u00dcbersichts- und Detailseiten<br \/>Auf der Startseite finden Sie im zentralen Seitenbereich eine Auswahl angebotener Produkte. Durch Interaktion mit einer Produktpr\u00e4sentation gelangen Sie auf die Produktdetailseite.<br \/>Im Kopfzeilenmen\u00fc k\u00f6nnen Sie zwischen den verschiedenen Produktkategorien navigieren.<br \/>Nach Auswahl einer Kategorie gelangen Sie auf eine \u00dcbersichtsseite, in welcher alle Produkte dieser Kategorie dargestellt sind.<br \/>Durch Interaktion mit einer Produktpr\u00e4sentation auf der \u00dcbersichtsseite gelangen Sie wiederum auf die Produktdetailseite.<br \/>Die Produktdetailseiten enthalten neben allen wesentlichen Informationen zum Produkt und zum Gesamtpreis gegebenenfalls ein Mengenauswahlelement sowie eine Warenkorb-Schaltfl\u00e4che.<br \/>Sofern vorhanden, kann \u00fcber die Mengenauswahl die gew\u00fcnschte Bestellmenge festgelegt werden.<br \/>3.3 Elektronischer Warenkorb<br \/>Durch Bet\u00e4tigen der Warenkorb-Schaltfl\u00e4che f\u00fcgen Sie das Produkt (gegebenenfalls in gew\u00e4hlter Menge) dem elektronischen Warenkorb hinzu.<br \/>Dieser elektronische Warenkorb kann jederzeit \u00fcber das Kopfzeilenmen\u00fc aufgerufen werden.<br \/>Hier ist Ihnen zun\u00e4chst eine \u00dcberpr\u00fcfung der hinzugef\u00fcgten Produkte m\u00f6glich. \u00dcber entsprechende Schaltfl\u00e4chen k\u00f6nnen Produkte wieder entfernt oder, sofern einschl\u00e4gig, in der Bestellmenge ge\u00e4ndert werden.<br \/>3.4 Elektronischer Bestellprozess<br \/>Nach der \u00dcberpr\u00fcfung k\u00f6nnen Sie per Interaktion mit den entsprechenden Schaltfl\u00e4chen den elektronischen Bestellprozess abschlie\u00dfen.<br \/>Hierf\u00fcr werden Sie zun\u00e4chst gebeten, per Eingabemaske Ihre Kontaktdetails (mindestens Name, E-Mail-Adresse und Liefer- bzw. Rechnungsanschrift) anzugeben.<br \/>Sodann k\u00f6nnen Sie in einem n\u00e4chsten Schritt zwischen den verf\u00fcgbaren Liefer- bzw. Leistungsoptionen ausw\u00e4hlen.<br \/>Schlie\u00dflich k\u00f6nnen Sie sich f\u00fcr eine der verf\u00fcgbaren Zahlungsmethoden entscheiden, die notwendigen Zahlungsdaten eintragen und die Bestellung abschlie\u00dfen.<br \/>Die verbindliche Aufgabe der Bestellung erfolgt erst, wenn die daf\u00fcr vorgesehene Schaltfl\u00e4che auf der finalen Bestellseite bet\u00e4tigt wird. Sie ist mit &#8222;Kaufen&#8220;, \u201eJetzt kaufen\u201c, \u201eZahlungspflichtig bestellen\u201c oder einer anderen eindeutigen Formulierung beschriftet.<br \/>Vor der Bet\u00e4tigung dieser Bestellschaltfl\u00e4che k\u00f6nnen Sie \u00fcber die \u201eZur\u00fcck\u201c-Schaltfl\u00e4che Ihres Browsers jederzeit zu den vorherigen Schritten zur\u00fccknavigieren und\/oder den Bestellprozess jederzeit abbrechen.<br \/>Sofern Sie sich f\u00fcr die Bezahlung mit einer Online-Bezahlmethode entschieden haben, werden Sie von der finalen Bestellseite auf das System des Zahlungsanbieters weitergeleitet, um dort die Zahlung vorzunehmen.<\/p><h2 style=\"text-align: center;\">4) Gesetzliche Anforderungen an die Barrierefreiheit<\/h2><p style=\"text-align: center;\">Diese Website z\u00e4hlt als Online-Shop zu den sogenannten \u201eDienstleistungen im elektronischen Gesch\u00e4ftsverkehr\u201c und zeichnet sich durch eine elektronische Bestell- und Bezahlm\u00f6glichkeit aus.<br \/>F\u00fcr sie gelten besondere gesetzliche Anforderungen an die Barrierefreiheit.<br \/>Im Allgemeinen muss diese Website Funktionen und Verfahren vorsehen, die auf die Bed\u00fcrfnisse von Menschen mit Behinderung ausgerichtet sind und die Bedienbarkeit mit digitalen Hilfsmitteln erm\u00f6glichen.<br \/>Die Online-Shop-Funktionen dieser Website m\u00fcssen daf\u00fcr<br \/>&#8211; wahrnehmbar<br \/>&#8211; bedienbar<br \/>&#8211; verst\u00e4ndlich und<br \/>&#8211; robust<br \/>ausgestaltet sein.<br \/>Die Wahrnehmbarkeit bedeutet, dass die Informationen und Komponenten des Online-Shops so dargestellt werden, dass sie f\u00fcr alle Nutzer problemlos wahrnehmbar sind.<br \/>Die Bedienbarkeit erfordert, dass die Funktionen des Online-Shops auch von Nutzern mit Einschr\u00e4nkungen in Beweglichkeit oder Verstand genutzt werden k\u00f6nnen.<br \/>Die Verst\u00e4ndlichkeit setzt voraus, dass die Informationen und Funktionen des Online-Shops logisch aufgebaut, leicht erkennbar und unzweideutig bezeichnet sind.<br \/>Die Robustheit verlangt schlie\u00dflich, dass die Inhalte und Funktionen des Online-Shops zuverl\u00e4ssig und ohne Einschr\u00e4nkungen genutzt werden k\u00f6nnen, auch wenn Nutzer digitale Hilfsmittel verwenden.<br \/>Stehen im Online-Shop Produkte zum Verkauf, die eigenen Anforderungen an die Barrierefreiheit unterliegen, m\u00fcssen f\u00fcr solche Produkte &#8211; soweit verf\u00fcgbar &#8211; Informationen zur barrierefreien Nutzung bereitgestellt werden.<\/p><h2 style=\"text-align: center;\">5) Verf\u00fcgbare Hilfen f\u00fcr die barrierefreie Nutzung<\/h2><p style=\"text-align: center;\">Diese Website erf\u00fcllt die Anforderungen an die Barrierefreiheit durch folgende Ma\u00dfnahmen:<br \/>&#8211; Anpassbarkeit der Schriftgr\u00f6\u00dfe: Die Schriftgr\u00f6\u00dfe der Seiteninhalte kann durch Einstellungsm\u00f6glichkeit angepasst werden, um diese f\u00fcr jeden Nutzer bestm\u00f6glich wahrnehmbar zu machen.<br \/>&#8211; Barrierefreie Captchas: Um sicherzustellen, dass Eingaben menschlichen Ursprungs sind, werden unter Umst\u00e4nden sogenannte \u201eCaptchas\u201c verwendet. Diese Captchas k\u00f6nnen nicht nur durch optische Zuordnung mittels Sehf\u00e4higkeit, sondern auch durch das L\u00f6sen einfacher Denkaufgaben bedient werden.<br \/>&#8211; Bedienbarkeit per Maus und Tastatur: Die Online-Shop-Funktionen sind sowohl per Maus als auch per Tastatur bedienbar. \u00dcber die Steuerungstasten der Tastatur kann im Online-Shop der Mauszeiger bewegt und bet\u00e4tigt werden.<br \/>&#8211; Browserunabh\u00e4ngige Seitenausgabe: Inhalte und Funktionen dieser Website sind unabh\u00e4ngig vom verwendeten Browser in identischer Anordnung, Ausrichtung und Aufl\u00f6sung verf\u00fcgbar.<br \/>&#8211; Cascading Style Sheets (CSS): Es wird eine Programmiersprache verwendet, welche die Darstellung der Seiteninhalte in Aufmachung, Farbe und Gestaltung von deren inhaltlicher Gliederung trennt. Damit ist es m\u00f6glich, dass digitale Hilfsmittel eigene Sichtbarkeitsschemata nutzen k\u00f6nnen, um die Seiteninhalte darzustellen.<br \/>&#8211; Hinreichender Abstand zwischen Schriftzeichen: Schriftzeichen werden mit einem hinreichenden Abstand zueinander dargestellt, um die Lesbarkeit nicht zu beeintr\u00e4chtigen.<br \/>&#8211; Responsives Design (Anpassung an verschiedene Bildschirmgr\u00f6\u00dfen): Die Inhalte, Elemente und Funktionen passen sich in ihren Abmessungen automatisch an die Gr\u00f6\u00dfe des verwendeten Bildschirms an.<br \/>&#8211; Skalierbarkeit (Sichtbarkeit bei Vergr\u00f6\u00dferung): Seitenelemente und Inhalte bleiben auch bei Vergr\u00f6\u00dferung hochaufgel\u00f6st lesbar.<br \/>&#8211; Starker Farbkontrast: Ein starker Kontrast zwischen Farben von Schriftzeichen und Hintergr\u00fcnden ist voreingestellt, um die optimale Sichtbarkeit der Seitenelemente zu gew\u00e4hrleisten.<br \/>&#8211; Texthinweise bei Nichtausf\u00fcllen von Eingabefeldern: Werden verpflichtende Eingabefelder nicht ausgef\u00fcllt, ergeht zus\u00e4tzlich zu einer farblichen Markierung ein Hinweis in Textform. Dieser Hinweis verdeutlicht, welche Information im Eingabefeld fehlt.<\/p><h2 style=\"text-align: center;\">6) Zust\u00e4ndige Aufsichtsbeh\u00f6rde<\/h2><p style=\"text-align: center;\">F\u00fcr die \u00dcberwachung der Barrierefreiheit auf dieser Website wird eine Aufsichtsbeh\u00f6rde zust\u00e4ndig sein.<br \/>Aktuell ist diese noch nicht bestimmt.<br \/>Sobald eine zust\u00e4ndige Beh\u00f6rde ernannt wird, wird diese hier mit Name und Adresse angegeben.<\/p><p style=\"text-align: center;\"><span style=\"font-size: 10pt;\">Copyright-Hinweis: von den Fachanw\u00e4lten der IT-Recht Kanzlei erstellt und ist urheberrechtlich gesch\u00fctzt (https:\/\/www.it-recht-kanzlei.de)<br \/><\/span><span style=\"font-size: 10pt;\">Stand: 19.06.2025, 02:59:39 Uhr<\/span><\/p>\t\t\t\t\t\t\t\t<\/div>\n\t\t\t\t<\/div>\n\t\t\t\t\t<\/div>\n\t\t<\/div>\n\t\t\t\t\t<\/div>\n\t\t<\/section>\n\t\t\t\t<\/div>\n\t\t","protected":false},"excerpt":{"rendered":"<p>BARRIEREFREIHEITSERKL\u00c4RUNG 1) Einleitung Wir freuen uns \u00fcber Ihren Besuch unserer Website und bedanken uns f\u00fcr Ihr Interesse.Nachstehend erhalten Sie Informationen zur barrierefreien Nutzbarkeit unseres Online-Angebots.Wir informieren Sie dar\u00fcber,&#8211; welches Angebot und welche Funktionen Sie auf dieser Website erwarten,&#8211; wie Sie dieses Angebot und die Funktionen nutzen k\u00f6nnen,&#8211; welche M\u00f6glichkeiten zur barrierefreien Nutzung Ihnen zur Verf\u00fcgung [&hellip;]<\/p>\n","protected":false},"author":8,"featured_media":0,"parent":0,"menu_order":0,"comment_status":"closed","ping_status":"closed","template":"","meta":{"content-type":"","inline_featured_image":false,"ocean_post_layout":"","ocean_both_sidebars_style":"","ocean_both_sidebars_content_width":0,"ocean_both_sidebars_sidebars_width":0,"ocean_sidebar":"","ocean_second_sidebar":"","ocean_disable_margins":"enable","ocean_add_body_class":"","ocean_shortcode_before_top_bar":"","ocean_shortcode_after_top_bar":"","ocean_shortcode_before_header":"","ocean_shortcode_after_header":"","ocean_has_shortcode":"","ocean_shortcode_after_title":"","ocean_shortcode_before_footer_widgets":"","ocean_shortcode_after_footer_widgets":"","ocean_shortcode_before_footer_bottom":"","ocean_shortcode_after_footer_bottom":"","ocean_display_top_bar":"default","ocean_display_header":"default","ocean_header_style":"","ocean_center_header_left_menu":"","ocean_custom_header_template":"","ocean_custom_logo":0,"ocean_custom_retina_logo":0,"ocean_custom_logo_max_width":0,"ocean_custom_logo_tablet_max_width":0,"ocean_custom_logo_mobile_max_width":0,"ocean_custom_logo_max_height":0,"ocean_custom_logo_tablet_max_height":0,"ocean_custom_logo_mobile_max_height":0,"ocean_header_custom_menu":"","ocean_menu_typo_font_family":"","ocean_menu_typo_font_subset":"","ocean_menu_typo_font_size":0,"ocean_menu_typo_font_size_tablet":0,"ocean_menu_typo_font_size_mobile":0,"ocean_menu_typo_font_size_unit":"px","ocean_menu_typo_font_weight":"","ocean_menu_typo_font_weight_tablet":"","ocean_menu_typo_font_weight_mobile":"","ocean_menu_typo_transform":"","ocean_menu_typo_transform_tablet":"","ocean_menu_typo_transform_mobile":"","ocean_menu_typo_line_height":0,"ocean_menu_typo_line_height_tablet":0,"ocean_menu_typo_line_height_mobile":0,"ocean_menu_typo_line_height_unit":"","ocean_menu_typo_spacing":0,"ocean_menu_typo_spacing_tablet":0,"ocean_menu_typo_spacing_mobile":0,"ocean_menu_typo_spacing_unit":"","ocean_menu_link_color":"","ocean_menu_link_color_hover":"","ocean_menu_link_color_active":"","ocean_menu_link_background":"","ocean_menu_link_hover_background":"","ocean_menu_link_active_background":"","ocean_menu_social_links_bg":"","ocean_menu_social_hover_links_bg":"","ocean_menu_social_links_color":"","ocean_menu_social_hover_links_color":"","ocean_disable_title":"default","ocean_disable_heading":"default","ocean_post_title":"","ocean_post_subheading":"","ocean_post_title_style":"","ocean_post_title_background_color":"","ocean_post_title_background":0,"ocean_post_title_bg_image_position":"","ocean_post_title_bg_image_attachment":"","ocean_post_title_bg_image_repeat":"","ocean_post_title_bg_image_size":"","ocean_post_title_height":0,"ocean_post_title_bg_overlay":0.5,"ocean_post_title_bg_overlay_color":"","ocean_disable_breadcrumbs":"default","ocean_breadcrumbs_color":"","ocean_breadcrumbs_separator_color":"","ocean_breadcrumbs_links_color":"","ocean_breadcrumbs_links_hover_color":"","ocean_display_footer_widgets":"default","ocean_display_footer_bottom":"default","ocean_custom_footer_template":"","footnotes":""},"class_list":["post-24222","page","type-page","status-publish","hentry","entry","owp-thumbs-layout-horizontal","owp-btn-normal","owp-tabs-layout-vertical","has-no-thumbnails","has-product-nav"],"amp_enabled":true,"_links":{"self":[{"href":"https:\/\/anakena.de\/de_de_formal\/wp-json\/wp\/v2\/pages\/24222","targetHints":{"allow":["GET"]}}],"collection":[{"href":"https:\/\/anakena.de\/de_de_formal\/wp-json\/wp\/v2\/pages"}],"about":[{"href":"https:\/\/anakena.de\/de_de_formal\/wp-json\/wp\/v2\/types\/page"}],"author":[{"embeddable":true,"href":"https:\/\/anakena.de\/de_de_formal\/wp-json\/wp\/v2\/users\/8"}],"replies":[{"embeddable":true,"href":"https:\/\/anakena.de\/de_de_formal\/wp-json\/wp\/v2\/comments?post=24222"}],"version-history":[{"count":0,"href":"https:\/\/anakena.de\/de_de_formal\/wp-json\/wp\/v2\/pages\/24222\/revisions"}],"wp:attachment":[{"href":"https:\/\/anakena.de\/de_de_formal\/wp-json\/wp\/v2\/media?parent=24222"}],"curies":[{"name":"wp","href":"https:\/\/api.w.org\/{rel}","templated":true}]}}