{"id":16137,"date":"2026-04-21T09:52:14","date_gmt":"2026-04-21T09:52:14","guid":{"rendered":"https:\/\/anakena.de\/?page_id=16137"},"modified":"2026-04-21T11:52:14","modified_gmt":"2026-04-21T09:52:14","slug":"politica-de-cancelacion","status":"publish","type":"page","link":"https:\/\/anakena.de\/es\/widerrufsbelehrung\/","title":{"rendered":"Pol\u00edtica y formulario de cancelaci\u00f3n"},"content":{"rendered":"<div data-elementor-type=\"wp-page\" data-elementor-id=\"16137\" class=\"elementor elementor-16137\" data-elementor-settings=\"{&quot;ha_cmc_init_switcher&quot;:&quot;no&quot;}\" data-elementor-post-type=\"page\">\n\t\t\t\t\t\t<section class=\"ob-is-breaking-bad elementor-section elementor-top-section elementor-element elementor-element-2ba2714 elementor-section-boxed elementor-section-height-default elementor-section-height-default\" data-id=\"2ba2714\" data-element_type=\"section\" data-e-type=\"section\" data-settings=\"{&quot;_ob_bbad_use_it&quot;:&quot;yes&quot;,&quot;_ob_bbad_sssic_use&quot;:&quot;no&quot;,&quot;_ob_glider_is_slider&quot;:&quot;no&quot;,&quot;_ha_eqh_enable&quot;:false}\">\n\t\t\t\t\t\t<div class=\"elementor-container elementor-column-gap-default\">\n\t\t\t\t\t<div class=\"elementor-column elementor-col-100 elementor-top-column elementor-element elementor-element-e8f8989\" data-id=\"e8f8989\" data-element_type=\"column\" data-e-type=\"column\" data-settings=\"{&quot;_ob_bbad_is_stalker&quot;:&quot;no&quot;,&quot;_ob_teleporter_use&quot;:false,&quot;_ob_column_hoveranimator&quot;:&quot;no&quot;,&quot;_ob_column_has_pseudo&quot;:&quot;no&quot;}\">\n\t\t\t<div class=\"elementor-widget-wrap elementor-element-populated\">\n\t\t\t\t\t\t<div class=\"elementor-element elementor-element-a19da21 ob-harakiri-inherit ob-has-background-overlay elementor-widget elementor-widget-heading\" data-id=\"a19da21\" data-element_type=\"widget\" data-e-type=\"widget\" data-settings=\"{&quot;_ob_use_harakiri&quot;:&quot;yes&quot;,&quot;_ob_harakiri_writing_mode&quot;:&quot;inherit&quot;,&quot;_ob_harakiri_text_clip&quot;:&quot;none&quot;,&quot;_ob_perspektive_use&quot;:&quot;no&quot;,&quot;_ob_poopart_use&quot;:&quot;yes&quot;,&quot;_ob_shadough_use&quot;:&quot;no&quot;,&quot;_ob_allow_hoveranimator&quot;:&quot;no&quot;,&quot;_ob_widget_stalker_use&quot;:&quot;no&quot;}\" data-widget_type=\"heading.default\">\n\t\t\t\t<div class=\"elementor-widget-container\">\n\t\t\t\t\t<h1 class=\"elementor-heading-title elementor-size-default\">POL\u00cdTICA DE CANCELACI\u00d3N<\/h1>\t\t\t\t<\/div>\n\t\t\t\t<\/div>\n\t\t\t\t\t<\/div>\n\t\t<\/div>\n\t\t\t\t\t<\/div>\n\t\t<\/section>\n\t\t\t\t<section class=\"ob-is-breaking-bad elementor-section elementor-top-section elementor-element elementor-element-62b7217a elementor-section-boxed elementor-section-height-default elementor-section-height-default\" data-id=\"62b7217a\" data-element_type=\"section\" data-e-type=\"section\" data-settings=\"{&quot;_ob_bbad_use_it&quot;:&quot;yes&quot;,&quot;_ob_bbad_sssic_use&quot;:&quot;no&quot;,&quot;_ob_glider_is_slider&quot;:&quot;no&quot;,&quot;_ha_eqh_enable&quot;:false}\">\n\t\t\t\t\t\t<div class=\"elementor-container elementor-column-gap-default\">\n\t\t\t\t\t<div class=\"elementor-column elementor-col-100 elementor-top-column elementor-element elementor-element-2d0a9480\" data-id=\"2d0a9480\" data-element_type=\"column\" data-e-type=\"column\" data-settings=\"{&quot;_ob_bbad_is_stalker&quot;:&quot;no&quot;,&quot;_ob_teleporter_use&quot;:false,&quot;_ob_column_hoveranimator&quot;:&quot;no&quot;,&quot;_ob_column_has_pseudo&quot;:&quot;no&quot;}\">\n\t\t\t<div class=\"elementor-widget-wrap elementor-element-populated\">\n\t\t\t\t\t\t<div class=\"elementor-element elementor-element-126909 ob-has-background-overlay elementor-widget elementor-widget-shortcode\" data-id=\"126909\" data-element_type=\"widget\" data-e-type=\"widget\" data-settings=\"{&quot;_ob_perspektive_use&quot;:&quot;no&quot;,&quot;_ob_poopart_use&quot;:&quot;yes&quot;,&quot;_ob_shadough_use&quot;:&quot;no&quot;,&quot;_ob_allow_hoveranimator&quot;:&quot;no&quot;,&quot;_ob_widget_stalker_use&quot;:&quot;no&quot;}\" data-widget_type=\"shortcode.default\">\n\t\t\t\t<div class=\"elementor-widget-container\">\n\t\t\t\t\t\t\t<div class=\"elementor-shortcode\"><div  class=\"agb_content agb_revocation  notranslate\"><div><h2>A. Pol\u00edtica de cancelaci\u00f3n<\/h2>\n\n<h3>Introducci\u00f3n<\/h3>\n\n<p>Los consumidores tienen un derecho de desistimiento de acuerdo con las siguientes disposiciones, seg\u00fan las cuales un consumidor es toda persona f\u00edsica que celebra un negocio jur\u00eddico con fines que no pueden atribuirse predominantemente ni a su actividad comercial ni a su actividad profesional independiente:<\/p>\n\n<h3>Derecho de desistimiento<\/h3>\n\n<p>Tiene derecho a rescindir este contrato en un plazo de catorce d\u00edas sin indicar el motivo.<\/p>\n\n<p>El plazo de desistimiento es de catorce d\u00edas a partir del d\u00eda en que usted o un tercero nombrado por usted, que no sea el transportista, haya tomado o tome posesi\u00f3n de las \u00faltimas mercanc\u00edas.<\/p>\n\n<p>Para ejercer su derecho de desistimiento, debe enviarnos (Anakena GmbH &amp; Co. KG, Ulrich-Corti-Str. 10, 81249 M\u00fanich, Alemania, Tel.: +49 (0)89 32309601, E-Mail: info@anakena.de) de su decisi\u00f3n de revocar este contrato mediante una declaraci\u00f3n clara (por ejemplo, una carta o un correo electr\u00f3nico enviado por correo postal). Para ello, puede utilizar el modelo de formulario de desistimiento adjunto, que, sin embargo, no es obligatorio.<\/p>\n\n<p>Tambi\u00e9n puede descargar el modelo de formulario de desistimiento u otra declaraci\u00f3n clara de nuestro sitio web <a href=\"https:\/\/anakena.de\/widerrufsbelehrung\/\" target=\"_blank\">https:\/\/anakena.de<wbr>\/Pol\u00edtica de cancelaci\u00f3n<wbr>\/<\/a> rellenar y enviar electr\u00f3nicamente. Si hace uso de esta opci\u00f3n, le enviaremos sin demora una confirmaci\u00f3n de la recepci\u00f3n de dicha revocaci\u00f3n (por ejemplo, por correo electr\u00f3nico).<\/p>\n\n<p>Para cumplir el plazo de cancelaci\u00f3n, basta con que env\u00ede la notificaci\u00f3n del ejercicio del derecho de cancelaci\u00f3n antes de que finalice el plazo de cancelaci\u00f3n.<\/p>\n\n<h3>Consecuencias de la revocaci\u00f3n<\/h3>\n\n<p>Si rescinde el contrato, deberemos devolverle todos los pagos que hayamos recibido de usted, incluidos los gastos de env\u00edo (a excepci\u00f3n de los gastos adicionales resultantes del hecho de que haya elegido un tipo de env\u00edo distinto al env\u00edo est\u00e1ndar m\u00e1s barato que ofrecemos), sin demora y a m\u00e1s tardar en un plazo de catorce d\u00edas a partir del d\u00eda en que hayamos recibido la notificaci\u00f3n de su rescisi\u00f3n del contrato. Para este reembolso, utilizaremos el mismo medio de pago que usted utiliz\u00f3 para la transacci\u00f3n original, a menos que se acuerde expresamente lo contrario con usted; en ning\u00fan caso se le cobrar\u00e1 por este reembolso. Podremos denegar el reembolso hasta que hayamos recibido la mercanc\u00eda o hasta que usted haya presentado una prueba de que ha devuelto la mercanc\u00eda, lo que ocurra primero.<\/p>\n\n<p>Deber\u00e1 devolvernos o entregarnos la mercanc\u00eda a nosotros o a PELA Fulfillment UG, Liebigstr. 5 85551 Kirchheim, Alemania, sin demora y, en cualquier caso, en un plazo m\u00e1ximo de catorce d\u00edas a partir del d\u00eda en que nos notifique la revocaci\u00f3n del presente contrato. El plazo se cumple si env\u00eda la mercanc\u00eda antes de que finalice el periodo de catorce d\u00edas.<\/p>\n\n<p>Usted correr\u00e1 con los gastos directos de devoluci\u00f3n de la mercanc\u00eda.<\/p>\n\n<p>S\u00f3lo tiene que pagar la p\u00e9rdida de valor de la mercanc\u00eda si \u00e9sta se debe a una manipulaci\u00f3n de la misma que no es necesaria para comprobar su calidad, caracter\u00edsticas y funcionamiento.<\/p>\n\n<h3>Exclusi\u00f3n o expiraci\u00f3n prematura del derecho de desistimiento<\/h3>\n\n<p>El derecho de desistimiento expira prematuramente en los contratos de entrega de bienes precintados que no son aptos para ser devueltos por razones de protecci\u00f3n de la salud o de higiene, si su precinto ha sido retirado despu\u00e9s de la entrega.<\/p>\n\n<p>El derecho de desistimiento no se aplica a los consumidores que no pertenezcan a un Estado miembro de la Uni\u00f3n Europea en el momento de la celebraci\u00f3n del contrato y cuya \u00fanica residencia y direcci\u00f3n de entrega est\u00e9n fuera de la Uni\u00f3n Europea en el momento de la celebraci\u00f3n del contrato.<\/p>\n\n<h3>Notas generales<\/h3>\n\n<p>1) Evite que la mercanc\u00eda se da\u00f1e o contamine. Le rogamos que nos devuelva la mercanc\u00eda en el embalaje original con todos los accesorios y con todos los componentes del embalaje. Si es necesario, utilice un embalaje exterior de protecci\u00f3n. Si ya no tiene el embalaje original, prot\u00e9jalo adecuadamente contra los da\u00f1os de transporte con un embalaje adecuado.<br \/>\n2) Por favor, no nos devuelva la mercanc\u00eda a portes debidos.<br \/>\n3) Tenga en cuenta que las cl\u00e1usulas 1-2 mencionadas anteriormente no son un requisito previo para el ejercicio efectivo del derecho de desistimiento.<\/p>\n\n<h2>B. Formulario de desistimiento<\/h2>\n\n<p>Si desea rescindir el contrato, rellene y env\u00ede este formulario.<\/p>\n\n<p>A<\/p>\n\n<p>Anakena GmbH &amp; Co. KG<br \/>\nUlrich Corti Str. 10<br \/>\n81249 M\u00fanich<br \/>\nAlemania<\/p>\n\n<p>Correo electr\u00f3nico: info@anakena.de<\/p>\n\n<p>Yo\/nosotros (*) rescindimos el contrato celebrado por m\u00ed\/nosotros (*) para la compra de los siguientes bienes (*) \/ la prestaci\u00f3n del siguiente servicio (*)<\/p>\n\n<p>_______________________________________________________<\/p>\n\n<p>_______________________________________________________<\/p>\n\n<p>Pedido en (*) ____________ \/ recibido en (*) __________________<\/p>\n\n<p>________________________________________________________<br \/>\nNombre del consumidor(es)<\/p>\n\n<p>________________________________________________________<br \/>\nDirecci\u00f3n del consumidor o consumidores<\/p>\n\n<p>________________________________________________________<br \/>\nFirma del consumidor o consumidores (s\u00f3lo en caso de notificaci\u00f3n en papel)<\/p>\n\n<p>_________________________<br \/>\nFecha<\/p>\n\n<p>(*) T\u00e1chese lo que proceda<\/p><\/div><div id=\"itkanzlei_txt_copyright\" style=\"font-size: 12px; margin-top: 8em;\"><div style=\"display: inline-block; vertical-align: top;\"><a href=\"https:\/\/www.it-recht-kanzlei.de\/\" target=\"_blank\" rel=\"noopener\"><img decoding=\"async\" src=\"https:\/\/www.it-recht-kanzlei.de\/logo\/Copyright-Logo_Widerrufsbelehrung.png?i=323f0-18b72-39c9-907f-1\" id=\"itkanzlei_img_copyright\" alt=\"\u00a9 Bufete de abogados de TI\" title=\"\u00a9 Bufete de abogados de TI\" style=\"margin-top: -20px; border-style: none; max-width: 100%;\" \/><\/a><\/div><div style=\"display: inline-block; vertical-align: top; margin-left: 5px; float: right; white-space: nowrap;\">Stand: 21.04.2026, 11:52:12<\/div><div style=\"clear: right;\"><\/div><\/div><\/div><\/div>\n\t\t\t\t\t\t<\/div>\n\t\t\t\t<\/div>\n\t\t\t\t\t<\/div>\n\t\t<\/div>\n\t\t\t\t\t<\/div>\n\t\t<\/section>\n\t\t\t\t<\/div>","protected":false},"excerpt":{"rendered":"<p>POL\u00cdTICA DE CANCELACI\u00d3N<\/p>","protected":false},"author":8,"featured_media":0,"parent":0,"menu_order":0,"comment_status":"closed","ping_status":"closed","template":"","meta":{"content-type":"","inline_featured_image":false,"ocean_post_layout":"","ocean_both_sidebars_style":"","ocean_both_sidebars_content_width":0,"ocean_both_sidebars_sidebars_width":0,"ocean_sidebar":"0","ocean_second_sidebar":"0","ocean_disable_margins":"enable","ocean_add_body_class":"","ocean_shortcode_before_top_bar":"","ocean_shortcode_after_top_bar":"","ocean_shortcode_before_header":"","ocean_shortcode_after_header":"","ocean_has_shortcode":"","ocean_shortcode_after_title":"","ocean_shortcode_before_footer_widgets":"","ocean_shortcode_after_footer_widgets":"","ocean_shortcode_before_footer_bottom":"","ocean_shortcode_after_footer_bottom":"","ocean_display_top_bar":"default","ocean_display_header":"default","ocean_header_style":"","ocean_center_header_left_menu":"0","ocean_custom_header_template":"0","ocean_custom_logo":0,"ocean_custom_retina_logo":0,"ocean_custom_logo_max_width":0,"ocean_custom_logo_tablet_max_width":0,"ocean_custom_logo_mobile_max_width":0,"ocean_custom_logo_max_height":0,"ocean_custom_logo_tablet_max_height":0,"ocean_custom_logo_mobile_max_height":0,"ocean_header_custom_menu":"0","ocean_menu_typo_font_family":"0","ocean_menu_typo_font_subset":"","ocean_menu_typo_font_size":0,"ocean_menu_typo_font_size_tablet":0,"ocean_menu_typo_font_size_mobile":0,"ocean_menu_typo_font_size_unit":"px","ocean_menu_typo_font_weight":"","ocean_menu_typo_font_weight_tablet":"","ocean_menu_typo_font_weight_mobile":"","ocean_menu_typo_transform":"","ocean_menu_typo_transform_tablet":"","ocean_menu_typo_transform_mobile":"","ocean_menu_typo_line_height":0,"ocean_menu_typo_line_height_tablet":0,"ocean_menu_typo_line_height_mobile":0,"ocean_menu_typo_line_height_unit":"","ocean_menu_typo_spacing":0,"ocean_menu_typo_spacing_tablet":0,"ocean_menu_typo_spacing_mobile":0,"ocean_menu_typo_spacing_unit":"","ocean_menu_link_color":"","ocean_menu_link_color_hover":"","ocean_menu_link_color_active":"","ocean_menu_link_background":"","ocean_menu_link_hover_background":"","ocean_menu_link_active_background":"","ocean_menu_social_links_bg":"","ocean_menu_social_hover_links_bg":"","ocean_menu_social_links_color":"","ocean_menu_social_hover_links_color":"","ocean_disable_title":"default","ocean_disable_heading":"default","ocean_post_title":"","ocean_post_subheading":"","ocean_post_title_style":"","ocean_post_title_background_color":"","ocean_post_title_background":0,"ocean_post_title_bg_image_position":"","ocean_post_title_bg_image_attachment":"","ocean_post_title_bg_image_repeat":"","ocean_post_title_bg_image_size":"","ocean_post_title_height":0,"ocean_post_title_bg_overlay":0.5,"ocean_post_title_bg_overlay_color":"","ocean_disable_breadcrumbs":"default","ocean_breadcrumbs_color":"","ocean_breadcrumbs_separator_color":"","ocean_breadcrumbs_links_color":"","ocean_breadcrumbs_links_hover_color":"","ocean_display_footer_widgets":"default","ocean_display_footer_bottom":"default","ocean_custom_footer_template":"0","footnotes":""},"class_list":["post-16137","page","type-page","status-publish","hentry","entry","owp-thumbs-layout-horizontal","owp-btn-normal","owp-tabs-layout-vertical","has-no-thumbnails","has-product-nav"],"amp_enabled":true,"_links":{"self":[{"href":"https:\/\/anakena.de\/es\/wp-json\/wp\/v2\/pages\/16137","targetHints":{"allow":["GET"]}}],"collection":[{"href":"https:\/\/anakena.de\/es\/wp-json\/wp\/v2\/pages"}],"about":[{"href":"https:\/\/anakena.de\/es\/wp-json\/wp\/v2\/types\/page"}],"author":[{"embeddable":true,"href":"https:\/\/anakena.de\/es\/wp-json\/wp\/v2\/users\/8"}],"replies":[{"embeddable":true,"href":"https:\/\/anakena.de\/es\/wp-json\/wp\/v2\/comments?post=16137"}],"version-history":[{"count":1,"href":"https:\/\/anakena.de\/es\/wp-json\/wp\/v2\/pages\/16137\/revisions"}],"predecessor-version":[{"id":24934,"href":"https:\/\/anakena.de\/es\/wp-json\/wp\/v2\/pages\/16137\/revisions\/24934"}],"wp:attachment":[{"href":"https:\/\/anakena.de\/es\/wp-json\/wp\/v2\/media?parent=16137"}],"curies":[{"name":"wp","href":"https:\/\/api.w.org\/{rel}","templated":true}]}}