{"id":24222,"date":"2025-06-19T01:59:28","date_gmt":"2025-06-19T00:59:28","guid":{"rendered":"https:\/\/anakena.de\/?page_id=24222"},"modified":"2025-06-19T02:46:21","modified_gmt":"2025-06-19T01:46:21","slug":"declaracion-sobre-accesibilidad","status":"publish","type":"page","link":"https:\/\/anakena.de\/es\/erklaerung-zur-barrierefreiheit\/","title":{"rendered":"Declaraci\u00f3n sobre accesibilidad"},"content":{"rendered":"<div data-elementor-type=\"wp-page\" data-elementor-id=\"24222\" class=\"elementor elementor-24222\" data-elementor-settings=\"{&quot;ha_cmc_init_switcher&quot;:&quot;no&quot;}\" data-elementor-post-type=\"page\">\n\t\t\t\t\t\t<section class=\"ob-is-breaking-bad elementor-section elementor-top-section elementor-element elementor-element-122f7e7 elementor-section-boxed elementor-section-height-default elementor-section-height-default\" data-id=\"122f7e7\" data-element_type=\"section\" data-e-type=\"section\" data-settings=\"{&quot;_ob_bbad_use_it&quot;:&quot;yes&quot;,&quot;_ob_bbad_sssic_use&quot;:&quot;no&quot;,&quot;_ob_glider_is_slider&quot;:&quot;no&quot;,&quot;_ha_eqh_enable&quot;:false}\">\n\t\t\t\t\t\t<div class=\"elementor-container elementor-column-gap-default\">\n\t\t\t\t\t<div class=\"elementor-column elementor-col-100 elementor-top-column elementor-element elementor-element-ad41aad\" data-id=\"ad41aad\" data-element_type=\"column\" data-e-type=\"column\" data-settings=\"{&quot;_ob_bbad_is_stalker&quot;:&quot;no&quot;,&quot;_ob_teleporter_use&quot;:false,&quot;_ob_column_hoveranimator&quot;:&quot;no&quot;,&quot;_ob_column_has_pseudo&quot;:&quot;no&quot;}\">\n\t\t\t<div class=\"elementor-widget-wrap elementor-element-populated\">\n\t\t\t\t\t\t<div class=\"elementor-element elementor-element-18c67c4 ob-harakiri-inherit ob-has-background-overlay elementor-widget elementor-widget-heading\" data-id=\"18c67c4\" data-element_type=\"widget\" data-e-type=\"widget\" data-settings=\"{&quot;_ob_use_harakiri&quot;:&quot;yes&quot;,&quot;_ob_harakiri_writing_mode&quot;:&quot;inherit&quot;,&quot;_ob_harakiri_text_clip&quot;:&quot;none&quot;,&quot;_ob_perspektive_use&quot;:&quot;no&quot;,&quot;_ob_poopart_use&quot;:&quot;yes&quot;,&quot;_ob_shadough_use&quot;:&quot;no&quot;,&quot;_ob_allow_hoveranimator&quot;:&quot;no&quot;,&quot;_ob_widget_stalker_use&quot;:&quot;no&quot;}\" data-widget_type=\"heading.default\">\n\t\t\t\t<div class=\"elementor-widget-container\">\n\t\t\t\t\t<h2 class=\"elementor-heading-title elementor-size-default\">DECLARACI\u00d3N DE ACCESIBILIDAD<\/h2>\t\t\t\t<\/div>\n\t\t\t\t<\/div>\n\t\t\t\t\t<\/div>\n\t\t<\/div>\n\t\t\t\t\t<\/div>\n\t\t<\/section>\n\t\t\t\t<section class=\"ob-is-breaking-bad elementor-section elementor-top-section elementor-element elementor-element-1b75a47 elementor-section-boxed elementor-section-height-default elementor-section-height-default\" data-id=\"1b75a47\" data-element_type=\"section\" data-e-type=\"section\" data-settings=\"{&quot;_ob_bbad_use_it&quot;:&quot;yes&quot;,&quot;_ob_bbad_sssic_use&quot;:&quot;no&quot;,&quot;_ob_glider_is_slider&quot;:&quot;no&quot;,&quot;_ha_eqh_enable&quot;:false}\">\n\t\t\t\t\t\t<div class=\"elementor-container elementor-column-gap-default\">\n\t\t\t\t\t<div class=\"elementor-column elementor-col-100 elementor-top-column elementor-element elementor-element-597e2e3\" data-id=\"597e2e3\" data-element_type=\"column\" data-e-type=\"column\" data-settings=\"{&quot;_ob_bbad_is_stalker&quot;:&quot;no&quot;,&quot;_ob_teleporter_use&quot;:false,&quot;_ob_column_hoveranimator&quot;:&quot;no&quot;,&quot;_ob_column_has_pseudo&quot;:&quot;no&quot;}\">\n\t\t\t<div class=\"elementor-widget-wrap elementor-element-populated\">\n\t\t\t\t\t\t<div class=\"elementor-element elementor-element-c801e6a ob-harakiri-inherit ob-has-background-overlay elementor-widget elementor-widget-text-editor\" data-id=\"c801e6a\" data-element_type=\"widget\" data-e-type=\"widget\" data-settings=\"{&quot;_ob_use_harakiri&quot;:&quot;yes&quot;,&quot;_ob_harakiri_writing_mode&quot;:&quot;inherit&quot;,&quot;_ob_postman_use&quot;:&quot;no&quot;,&quot;_ob_perspektive_use&quot;:&quot;no&quot;,&quot;_ob_poopart_use&quot;:&quot;yes&quot;,&quot;_ob_shadough_use&quot;:&quot;no&quot;,&quot;_ob_allow_hoveranimator&quot;:&quot;no&quot;,&quot;_ob_widget_stalker_use&quot;:&quot;no&quot;}\" data-widget_type=\"text-editor.default\">\n\t\t\t\t<div class=\"elementor-widget-container\">\n\t\t\t\t\t\t\t\t\t<h2 style=\"text-align: center;\">1) Introducci\u00f3n<\/h2><p style=\"text-align: center;\">Gracias por visitar nuestro sitio web y por su inter\u00e9s.<br \/>A continuaci\u00f3n encontrar\u00e1 informaci\u00f3n sobre la accesibilidad de nuestros servicios en l\u00ednea.<br \/>Le informaremos al respecto,<br \/>- qu\u00e9 oferta y qu\u00e9 funciones puede esperar en este sitio web,<br \/>- c\u00f3mo puede utilizar esta oferta y las funciones,<br \/>- qu\u00e9 opciones de uso sin barreras tiene a su disposici\u00f3n y<br \/>- qu\u00e9 autoridad es responsable de supervisar la accesibilidad en este sitio web.<\/p><h2 style=\"text-align: center;\">2) Oferta y funciones de este sitio web<\/h2><p style=\"text-align: center;\">Este sitio web es una tienda en l\u00ednea para la venta de productos.<br \/>Los objetos f\u00edsicos se consideran mercanc\u00edas.<br \/>Se le presentar\u00e1n productos que podr\u00e1 a\u00f1adir a una cesta de la compra electr\u00f3nica y, a continuaci\u00f3n, pedir y pagar.<br \/>Este sitio web tiene un men\u00fa de cabecera y otro de pie de p\u00e1gina.<br \/>En el men\u00fa de cabecera, los productos que vendemos aparecen por categor\u00edas y pueden consultarse individualmente desde all\u00ed.<br \/>Cada producto se describe con m\u00e1s informaci\u00f3n sobre sus caracter\u00edsticas principales, el alcance de la entrega y el precio total en una p\u00e1gina de detalles independiente. Desde all\u00ed puede a\u00f1adirse a la cesta de la compra electr\u00f3nica.<br \/>Tambi\u00e9n puede visitar la cesta de la compra electr\u00f3nica a trav\u00e9s del men\u00fa de cabecera en cuanto haya a\u00f1adido al menos un art\u00edculo a la misma. El proceso de pedido electr\u00f3nico puede iniciarse y completarse desde esta cesta de la compra.<br \/>En el men\u00fa de pie de p\u00e1gina encontrar\u00e1 enlaces a nuestro pie de imprenta con nuestra informaci\u00f3n de contacto, as\u00ed como informaci\u00f3n sobre la base legal de nuestra oferta en l\u00ednea, sobre las opciones de env\u00edo y pago y enlaces a otras p\u00e1ginas de servicios \u00fatiles.<\/p><h2 style=\"text-align: center;\">3) Explicaciones sobre el uso de la oferta y las funciones<\/h2><p style=\"text-align: center;\">3.1 Botones virtuales<br \/>Este sitio web puede manejarse mediante botones virtuales.<br \/>3.2 P\u00e1ginas de inicio, resumen y detalles<br \/>En la p\u00e1gina de inicio, encontrar\u00e1 una selecci\u00f3n de productos en oferta en el centro de la p\u00e1gina. Al interactuar con la presentaci\u00f3n de un producto, acceder\u00e1 a la p\u00e1gina de detalles del mismo.<br \/>Puede navegar entre las distintas categor\u00edas de productos en el men\u00fa de cabecera.<br \/>Tras seleccionar una categor\u00eda, acceder\u00e1 a una p\u00e1gina de resumen en la que se muestran todos los productos de esa categor\u00eda.<br \/>La interacci\u00f3n con la presentaci\u00f3n de un producto en la p\u00e1gina de descripci\u00f3n general le lleva a la p\u00e1gina de detalles del producto.<br \/>Adem\u00e1s de toda la informaci\u00f3n esencial sobre el producto y el precio total, las p\u00e1ginas de detalles del producto pueden contener un elemento de selecci\u00f3n de cantidad y un bot\u00f3n de cesta de la compra.<br \/>Si est\u00e1 disponible, se puede especificar la cantidad de pedido deseada mediante la selecci\u00f3n de cantidad.<br \/>3.3 Cesta de la compra electr\u00f3nica<br \/>Al hacer clic en el bot\u00f3n de la cesta de la compra, usted a\u00f1ade el producto (en la cantidad seleccionada, si procede) a la cesta de la compra electr\u00f3nica.<br \/>Esta cesta de la compra electr\u00f3nica puede consultarse en cualquier momento a trav\u00e9s del men\u00fa de cabecera.<br \/>Aqu\u00ed puede comprobar primero los productos que ha a\u00f1adido. Con los botones correspondientes se pueden volver a eliminar productos o, si procede, modificar la cantidad del pedido.<br \/>3.4 Proceso de pedido electr\u00f3nico<br \/>Despu\u00e9s de comprobarlo, puede completar el proceso de pedido electr\u00f3nico interactuando con los botones correspondientes.<br \/>Para ello, primero se le pedir\u00e1 que introduzca sus datos de contacto (al menos nombre, direcci\u00f3n de correo electr\u00f3nico y direcci\u00f3n de entrega o facturaci\u00f3n) en la m\u00e1scara de entrada.<br \/>En el siguiente paso, puede elegir entre las opciones de entrega y servicio disponibles.<br \/>Por \u00faltimo, puede elegir uno de los m\u00e9todos de pago disponibles, introducir los datos de pago necesarios y finalizar el pedido.<br \/>La realizaci\u00f3n vinculante del pedido s\u00f3lo tiene lugar cuando se pulsa el bot\u00f3n previsto a tal efecto en la p\u00e1gina final del pedido. Dicho bot\u00f3n lleva la indicaci\u00f3n \"Comprar\", \"Comprar ahora\", \"Pedido con obligaci\u00f3n de pago\" u otra formulaci\u00f3n clara.<br \/>Antes de pulsar este bot\u00f3n de pedido, puede volver a los pasos anteriores y\/o cancelar el proceso de pedido en cualquier momento utilizando el bot\u00f3n \"Atr\u00e1s\" de su navegador.<br \/>Si ha elegido pagar mediante un m\u00e9todo de pago en l\u00ednea, se le redirigir\u00e1 desde la p\u00e1gina final del pedido al sistema del proveedor del pago para que realice el pago all\u00ed.<\/p><h2 style=\"text-align: center;\">4) Requisitos legales de accesibilidad<\/h2><p style=\"text-align: center;\">Como tienda en l\u00ednea, este sitio web pertenece a los denominados \"servicios en transacciones comerciales electr\u00f3nicas\" y se caracteriza por una opci\u00f3n de pedido y pago electr\u00f3nicos.<br \/>Se les aplican requisitos legales especiales de accesibilidad.<br \/>En general, este sitio web debe ofrecer funciones y procedimientos adaptados a las necesidades de las personas con discapacidad y permitir su utilizaci\u00f3n con ayudas digitales.<br \/>Las funciones de tienda en l\u00ednea de este sitio web deben ser<br \/>- perceptible<br \/>- operable<br \/>- comprensible y<br \/>- robusto<br \/>dise\u00f1arse.<br \/>Perceptibilidad significa que la informaci\u00f3n y los componentes de la tienda online se presentan de tal forma que pueden ser percibidos f\u00e1cilmente por todos los usuarios.<br \/>La usabilidad requiere que las funciones de la tienda online puedan ser utilizadas tambi\u00e9n por usuarios con movilidad o intelecto limitados.<br \/>La comprensibilidad exige que la informaci\u00f3n y las funciones de la tienda online est\u00e9n estructuradas de forma l\u00f3gica, sean f\u00e1cilmente reconocibles y est\u00e9n claramente etiquetadas.<br \/>Por \u00faltimo, la solidez requiere que el contenido y las funciones de la tienda online puedan utilizarse de forma fiable y sin restricciones, aunque los usuarios utilicen herramientas digitales.<br \/>Si en la tienda en l\u00ednea hay productos a la venta sujetos a requisitos espec\u00edficos de accesibilidad, deber\u00e1 facilitarse informaci\u00f3n sobre el uso accesible de dichos productos cuando est\u00e9 disponible.<\/p><h2 style=\"text-align: center;\">5) Ayudas disponibles para un uso sin barreras<\/h2><p style=\"text-align: center;\">Este sitio web cumple los requisitos de accesibilidad a trav\u00e9s de las siguientes medidas:<br \/>- Tama\u00f1o de letra personalizable: el tama\u00f1o de letra del contenido de la p\u00e1gina puede ajustarse para que sea lo m\u00e1s perceptible posible para cada usuario.<br \/>- Captchas accesibles: para garantizar que las entradas son de origen humano, pueden utilizarse los llamados \"captchas\". Estos captchas se pueden manejar no solo mediante categorizaci\u00f3n visual utilizando la vista, sino tambi\u00e9n resolviendo tareas mentales sencillas.<br \/>- Funcionamiento con rat\u00f3n y teclado: las funciones de la tienda online pueden manejarse tanto con el rat\u00f3n como con el teclado. El puntero del rat\u00f3n puede moverse y manejarse en la tienda online mediante las teclas de control del teclado.<br \/>- Salida de p\u00e1gina independiente del navegador: el contenido y las funciones de este sitio web est\u00e1n disponibles en el mismo dise\u00f1o, orientaci\u00f3n y resoluci\u00f3n independientemente del navegador utilizado.<br \/>- Hojas de estilo en cascada (CSS): Lenguaje de programaci\u00f3n que separa la presentaci\u00f3n del contenido de la p\u00e1gina en t\u00e9rminos de maquetaci\u00f3n, color y dise\u00f1o de su estructura de contenido. Esto hace posible que las herramientas digitales utilicen sus propios esquemas de visibilidad para mostrar el contenido de la p\u00e1gina.<br \/>- Espaciado suficiente entre caracteres: los caracteres se muestran a una distancia suficiente entre s\u00ed para no perjudicar la legibilidad.<br \/>- Dise\u00f1o responsive (adaptaci\u00f3n a distintos tama\u00f1os de pantalla): El contenido, los elementos y las funciones adaptan autom\u00e1ticamente sus dimensiones al tama\u00f1o de la pantalla utilizada.<br \/>- Escalabilidad (visibilidad al ampliar): Los elementos y contenidos de la p\u00e1gina siguen siendo legibles en alta resoluci\u00f3n aunque se ampl\u00eden.<br \/>- Fuerte contraste de colores: se preestablece un fuerte contraste entre los colores de los caracteres y los fondos para garantizar una visibilidad \u00f3ptima de los elementos de la p\u00e1gina.<br \/>- Notas de texto si no se rellenan los campos de entrada: Si no se completan los campos de entrada obligatorios, se muestra un mensaje de texto adem\u00e1s de un resaltado en color. Esta nota aclara qu\u00e9 informaci\u00f3n falta en el campo de entrada.<\/p><h2 style=\"text-align: center;\">6) Autoridad de control competente<\/h2><p style=\"text-align: center;\">Una autoridad supervisora ser\u00e1 responsable de controlar la accesibilidad en este sitio web.<br \/>A\u00fan no se ha determinado.<br \/>En cuanto se designe una autoridad competente, se indicar\u00e1 aqu\u00ed su nombre y direcci\u00f3n.<\/p><p style=\"text-align: center;\"><span style=\"font-size: 10pt;\">Aviso de derechos de autor: creado por los abogados especializados del bufete IT y protegido por derechos de autor (https:\/\/www.it-recht-kanzlei.de)<br \/><\/span><span style=\"font-size: 10pt;\">Estado: 19\/06\/2025, 02:59:39 h<\/span><\/p>\t\t\t\t\t\t\t\t<\/div>\n\t\t\t\t<\/div>\n\t\t\t\t\t<\/div>\n\t\t<\/div>\n\t\t\t\t\t<\/div>\n\t\t<\/section>\n\t\t\t\t<\/div>","protected":false},"excerpt":{"rendered":"<p>BARRIEREFREIHEITSERKL\u00c4RUNG 1) Einleitung Wir freuen uns \u00fcber Ihren Besuch unserer Website und bedanken uns f\u00fcr Ihr Interesse.Nachstehend erhalten Sie Informationen zur barrierefreien Nutzbarkeit unseres Online-Angebots.Wir informieren Sie dar\u00fcber,&#8211; welches Angebot und welche Funktionen Sie auf dieser Website erwarten,&#8211; wie Sie dieses Angebot und die Funktionen nutzen k\u00f6nnen,&#8211; welche M\u00f6glichkeiten zur barrierefreien Nutzung Ihnen zur Verf\u00fcgung [&hellip;]<\/p>\n","protected":false},"author":8,"featured_media":0,"parent":0,"menu_order":0,"comment_status":"closed","ping_status":"closed","template":"","meta":{"content-type":"","inline_featured_image":false,"ocean_post_layout":"","ocean_both_sidebars_style":"","ocean_both_sidebars_content_width":0,"ocean_both_sidebars_sidebars_width":0,"ocean_sidebar":"","ocean_second_sidebar":"","ocean_disable_margins":"enable","ocean_add_body_class":"","ocean_shortcode_before_top_bar":"","ocean_shortcode_after_top_bar":"","ocean_shortcode_before_header":"","ocean_shortcode_after_header":"","ocean_has_shortcode":"","ocean_shortcode_after_title":"","ocean_shortcode_before_footer_widgets":"","ocean_shortcode_after_footer_widgets":"","ocean_shortcode_before_footer_bottom":"","ocean_shortcode_after_footer_bottom":"","ocean_display_top_bar":"default","ocean_display_header":"default","ocean_header_style":"","ocean_center_header_left_menu":"","ocean_custom_header_template":"","ocean_custom_logo":0,"ocean_custom_retina_logo":0,"ocean_custom_logo_max_width":0,"ocean_custom_logo_tablet_max_width":0,"ocean_custom_logo_mobile_max_width":0,"ocean_custom_logo_max_height":0,"ocean_custom_logo_tablet_max_height":0,"ocean_custom_logo_mobile_max_height":0,"ocean_header_custom_menu":"","ocean_menu_typo_font_family":"","ocean_menu_typo_font_subset":"","ocean_menu_typo_font_size":0,"ocean_menu_typo_font_size_tablet":0,"ocean_menu_typo_font_size_mobile":0,"ocean_menu_typo_font_size_unit":"px","ocean_menu_typo_font_weight":"","ocean_menu_typo_font_weight_tablet":"","ocean_menu_typo_font_weight_mobile":"","ocean_menu_typo_transform":"","ocean_menu_typo_transform_tablet":"","ocean_menu_typo_transform_mobile":"","ocean_menu_typo_line_height":0,"ocean_menu_typo_line_height_tablet":0,"ocean_menu_typo_line_height_mobile":0,"ocean_menu_typo_line_height_unit":"","ocean_menu_typo_spacing":0,"ocean_menu_typo_spacing_tablet":0,"ocean_menu_typo_spacing_mobile":0,"ocean_menu_typo_spacing_unit":"","ocean_menu_link_color":"","ocean_menu_link_color_hover":"","ocean_menu_link_color_active":"","ocean_menu_link_background":"","ocean_menu_link_hover_background":"","ocean_menu_link_active_background":"","ocean_menu_social_links_bg":"","ocean_menu_social_hover_links_bg":"","ocean_menu_social_links_color":"","ocean_menu_social_hover_links_color":"","ocean_disable_title":"default","ocean_disable_heading":"default","ocean_post_title":"","ocean_post_subheading":"","ocean_post_title_style":"","ocean_post_title_background_color":"","ocean_post_title_background":0,"ocean_post_title_bg_image_position":"","ocean_post_title_bg_image_attachment":"","ocean_post_title_bg_image_repeat":"","ocean_post_title_bg_image_size":"","ocean_post_title_height":0,"ocean_post_title_bg_overlay":0.5,"ocean_post_title_bg_overlay_color":"","ocean_disable_breadcrumbs":"default","ocean_breadcrumbs_color":"","ocean_breadcrumbs_separator_color":"","ocean_breadcrumbs_links_color":"","ocean_breadcrumbs_links_hover_color":"","ocean_display_footer_widgets":"default","ocean_display_footer_bottom":"default","ocean_custom_footer_template":"","footnotes":""},"class_list":["post-24222","page","type-page","status-publish","hentry","entry","owp-thumbs-layout-horizontal","owp-btn-normal","owp-tabs-layout-vertical","has-no-thumbnails","has-product-nav"],"amp_enabled":true,"_links":{"self":[{"href":"https:\/\/anakena.de\/es\/wp-json\/wp\/v2\/pages\/24222","targetHints":{"allow":["GET"]}}],"collection":[{"href":"https:\/\/anakena.de\/es\/wp-json\/wp\/v2\/pages"}],"about":[{"href":"https:\/\/anakena.de\/es\/wp-json\/wp\/v2\/types\/page"}],"author":[{"embeddable":true,"href":"https:\/\/anakena.de\/es\/wp-json\/wp\/v2\/users\/8"}],"replies":[{"embeddable":true,"href":"https:\/\/anakena.de\/es\/wp-json\/wp\/v2\/comments?post=24222"}],"version-history":[{"count":0,"href":"https:\/\/anakena.de\/es\/wp-json\/wp\/v2\/pages\/24222\/revisions"}],"wp:attachment":[{"href":"https:\/\/anakena.de\/es\/wp-json\/wp\/v2\/media?parent=24222"}],"curies":[{"name":"wp","href":"https:\/\/api.w.org\/{rel}","templated":true}]}}