{"id":16137,"date":"2026-03-28T18:17:10","date_gmt":"2026-03-28T18:17:10","guid":{"rendered":"https:\/\/anakena.de\/?page_id=16137"},"modified":"2026-03-28T19:17:10","modified_gmt":"2026-03-28T18:17:10","slug":"information-sur-le-droit-de-retractation","status":"publish","type":"page","link":"https:\/\/anakena.de\/fr\/widerrufsbelehrung\/","title":{"rendered":"Politique d'annulation et formulaire d'annulation"},"content":{"rendered":"<div data-elementor-type=\"wp-page\" data-elementor-id=\"16137\" class=\"elementor elementor-16137\" data-elementor-settings=\"{&quot;ha_cmc_init_switcher&quot;:&quot;no&quot;}\" data-elementor-post-type=\"page\">\n\t\t\t\t\t\t<section class=\"ob-is-breaking-bad elementor-section elementor-top-section elementor-element elementor-element-2ba2714 elementor-section-boxed elementor-section-height-default elementor-section-height-default\" data-id=\"2ba2714\" data-element_type=\"section\" data-e-type=\"section\" data-settings=\"{&quot;_ob_bbad_use_it&quot;:&quot;yes&quot;,&quot;_ob_bbad_sssic_use&quot;:&quot;no&quot;,&quot;_ob_glider_is_slider&quot;:&quot;no&quot;,&quot;_ha_eqh_enable&quot;:false}\">\n\t\t\t\t\t\t<div class=\"elementor-container elementor-column-gap-default\">\n\t\t\t\t\t<div class=\"elementor-column elementor-col-100 elementor-top-column elementor-element elementor-element-e8f8989\" data-id=\"e8f8989\" data-element_type=\"column\" data-e-type=\"column\" data-settings=\"{&quot;_ob_bbad_is_stalker&quot;:&quot;no&quot;,&quot;_ob_teleporter_use&quot;:false,&quot;_ob_column_hoveranimator&quot;:&quot;no&quot;,&quot;_ob_column_has_pseudo&quot;:&quot;no&quot;}\">\n\t\t\t<div class=\"elementor-widget-wrap elementor-element-populated\">\n\t\t\t\t\t\t<div class=\"elementor-element elementor-element-a19da21 ob-harakiri-inherit ob-has-background-overlay elementor-widget elementor-widget-heading\" data-id=\"a19da21\" data-element_type=\"widget\" data-e-type=\"widget\" data-settings=\"{&quot;_ob_use_harakiri&quot;:&quot;yes&quot;,&quot;_ob_harakiri_writing_mode&quot;:&quot;inherit&quot;,&quot;_ob_harakiri_text_clip&quot;:&quot;none&quot;,&quot;_ob_perspektive_use&quot;:&quot;no&quot;,&quot;_ob_poopart_use&quot;:&quot;yes&quot;,&quot;_ob_shadough_use&quot;:&quot;no&quot;,&quot;_ob_allow_hoveranimator&quot;:&quot;no&quot;,&quot;_ob_widget_stalker_use&quot;:&quot;no&quot;}\" data-widget_type=\"heading.default\">\n\t\t\t\t<div class=\"elementor-widget-container\">\n\t\t\t\t\t<h1 class=\"elementor-heading-title elementor-size-default\">POLITIQUE D'ANNULATION<\/h1>\t\t\t\t<\/div>\n\t\t\t\t<\/div>\n\t\t\t\t\t<\/div>\n\t\t<\/div>\n\t\t\t\t\t<\/div>\n\t\t<\/section>\n\t\t\t\t<section class=\"ob-is-breaking-bad elementor-section elementor-top-section elementor-element elementor-element-62b7217a elementor-section-boxed elementor-section-height-default elementor-section-height-default\" data-id=\"62b7217a\" data-element_type=\"section\" data-e-type=\"section\" data-settings=\"{&quot;_ob_bbad_use_it&quot;:&quot;yes&quot;,&quot;_ob_bbad_sssic_use&quot;:&quot;no&quot;,&quot;_ob_glider_is_slider&quot;:&quot;no&quot;,&quot;_ha_eqh_enable&quot;:false}\">\n\t\t\t\t\t\t<div class=\"elementor-container elementor-column-gap-default\">\n\t\t\t\t\t<div class=\"elementor-column elementor-col-100 elementor-top-column elementor-element elementor-element-2d0a9480\" data-id=\"2d0a9480\" data-element_type=\"column\" data-e-type=\"column\" data-settings=\"{&quot;_ob_bbad_is_stalker&quot;:&quot;no&quot;,&quot;_ob_teleporter_use&quot;:false,&quot;_ob_column_hoveranimator&quot;:&quot;no&quot;,&quot;_ob_column_has_pseudo&quot;:&quot;no&quot;}\">\n\t\t\t<div class=\"elementor-widget-wrap elementor-element-populated\">\n\t\t\t\t\t\t<div class=\"elementor-element elementor-element-126909 ob-has-background-overlay elementor-widget elementor-widget-shortcode\" data-id=\"126909\" data-element_type=\"widget\" data-e-type=\"widget\" data-settings=\"{&quot;_ob_perspektive_use&quot;:&quot;no&quot;,&quot;_ob_poopart_use&quot;:&quot;yes&quot;,&quot;_ob_shadough_use&quot;:&quot;no&quot;,&quot;_ob_allow_hoveranimator&quot;:&quot;no&quot;,&quot;_ob_widget_stalker_use&quot;:&quot;no&quot;}\" data-widget_type=\"shortcode.default\">\n\t\t\t\t<div class=\"elementor-widget-container\">\n\t\t\t\t\t\t\t<div class=\"elementor-shortcode\"><div  class=\"agb_content agb_revocation  notranslate\"><div><h2>A. Politique d'annulation<\/h2>\n\n<h3>Introduction<\/h3>\n\n<p>Les consommateurs disposent d'un droit de r\u00e9tractation conform\u00e9ment aux dispositions suivantes, le consommateur \u00e9tant toute personne physique qui conclut une transaction juridique \u00e0 des fins qui ne peuvent \u00eatre attribu\u00e9es de mani\u00e8re pr\u00e9dominante ni \u00e0 son activit\u00e9 commerciale ni \u00e0 son activit\u00e9 professionnelle ind\u00e9pendante :<\/p>\n\n<h3>Droit de retrait<\/h3>\n\n<p>Vous avez le droit d'annuler le pr\u00e9sent contrat dans un d\u00e9lai de quatorze jours sans donner de raison.<\/p>\n\n<p>Le d\u00e9lai de r\u00e9tractation est de quatorze jours \u00e0 compter du jour o\u00f9 vous ou un tiers d\u00e9sign\u00e9 par vous, qui n'est pas le transporteur, avez pris ou a pris possession des derni\u00e8res marchandises.<\/p>\n\n<p>Pour exercer votre droit de r\u00e9tractation, vous devez nous (Anakena GmbH &amp; Co. KG, Ulrich-Corti-Str. 10, 81249 Munich, Allemagne, T\u00e9l. : +49 (0)89 32309601, E-mail : info@anakena.de) au moyen d'une d\u00e9claration claire (par ex. lettre envoy\u00e9e par la poste ou e-mail) de votre d\u00e9cision de r\u00e9voquer le pr\u00e9sent contrat. Vous pouvez utiliser \u00e0 cet effet le mod\u00e8le de formulaire de r\u00e9tractation ci-joint, qui n'est toutefois pas obligatoire.<\/p>\n\n<p>Vous pouvez \u00e9galement t\u00e9l\u00e9charger le mod\u00e8le de formulaire de r\u00e9tractation ou une autre d\u00e9claration claire \u00e0 partir de notre site web. <a href=\"https:\/\/anakena.de\/widerrufsbelehrung\/\" target=\"_blank\">https:\/\/anakena.de<wbr>\/information sur le droit de r\u00e9tractation<wbr>\/<\/a> \u00e0 remplir et \u00e0 envoyer par voie \u00e9lectronique. Si vous faites usage de cette option, nous vous enverrons sans d\u00e9lai un accus\u00e9 de r\u00e9ception de cette r\u00e9vocation (par exemple, par courrier \u00e9lectronique).<\/p>\n\n<p>Pour respecter le d\u00e9lai de r\u00e9tractation, il suffit que vous envoyiez la notification de l'exercice du droit de r\u00e9tractation avant la fin du d\u00e9lai de r\u00e9tractation.<\/p>\n\n<h3>Cons\u00e9quences de la r\u00e9vocation<\/h3>\n\n<p>Si vous vous r\u00e9tractez du pr\u00e9sent contrat, nous devons vous rembourser tous les paiements que nous avons re\u00e7us de vous, y compris les frais de livraison (\u00e0 l'exception des frais suppl\u00e9mentaires r\u00e9sultant du fait que vous avez choisi un type de livraison autre que la livraison standard la moins ch\u00e8re que nous proposons), sans d\u00e9lai et au plus tard dans les quatorze jours \u00e0 compter du jour o\u00f9 nous avons re\u00e7u la notification de votre r\u00e9tractation du pr\u00e9sent contrat. Pour ce remboursement, nous utiliserons le m\u00eame moyen de paiement que celui que vous avez utilis\u00e9 pour la transaction initiale, sauf accord expr\u00e8s avec vous ; en aucun cas, ce remboursement ne vous sera factur\u00e9. Nous pouvons refuser le remboursement jusqu'\u00e0 ce que nous ayons re\u00e7u les marchandises en retour ou jusqu'\u00e0 ce que vous ayez fourni la preuve que vous avez retourn\u00e9 les marchandises, la date la plus proche \u00e9tant retenue.<\/p>\n\n<p>Vous devez renvoyer ou remettre les marchandises \u00e0 nous ou \u00e0 PELA Fulfillment UG, Liebigstr. 5 85551 Kirchheim, Allemagne, sans retard excessif et, en tout \u00e9tat de cause, au plus tard quatorze jours apr\u00e8s que vous nous aurez communiqu\u00e9 votre d\u00e9cision de r\u00e9tractation du pr\u00e9sent contrat. Le d\u00e9lai est respect\u00e9 si vous renvoyez les marchandises avant l'expiration du d\u00e9lai de quatorze jours.<\/p>\n\n<p>Les frais directs de renvoi de la marchandise sont \u00e0 votre charge.<\/p>\n\n<p>Vous ne devez payer la perte de valeur des marchandises que si cette perte de valeur est due \u00e0 une manipulation des marchandises qui n'est pas n\u00e9cessaire pour tester la qualit\u00e9, les caract\u00e9ristiques et le fonctionnement des marchandises.<\/p>\n\n<h3>Exclusion ou expiration pr\u00e9matur\u00e9e du droit de r\u00e9tractation<\/h3>\n\n<p>Le droit de r\u00e9tractation expire pr\u00e9matur\u00e9ment pour les contrats portant sur la livraison de biens scell\u00e9s qui ne peuvent \u00eatre retourn\u00e9s pour des raisons de protection de la sant\u00e9 ou d'hygi\u00e8ne si leur sceau a \u00e9t\u00e9 enlev\u00e9 apr\u00e8s la livraison.<\/p>\n\n<p>Le droit de r\u00e9tractation ne s'applique pas aux consommateurs qui n'appartiennent pas \u00e0 un \u00c9tat membre de l'Union europ\u00e9enne au moment de la conclusion du contrat et dont la r\u00e9sidence exclusive et l'adresse de livraison se trouvent en dehors de l'Union europ\u00e9enne au moment de la conclusion du contrat.<\/p>\n\n<h3>Notes g\u00e9n\u00e9rales<\/h3>\n\n<p>1) Veuillez \u00e9viter d'endommager et de contaminer les marchandises. Veuillez nous renvoyer la marchandise dans l'emballage d'origine avec tous les accessoires et avec tous les \u00e9l\u00e9ments d'emballage. Si n\u00e9cessaire, utilisez un emballage ext\u00e9rieur de protection. Si vous n'avez plus l'emballage d'origine, veuillez assurer une protection ad\u00e9quate contre les dommages de transport avec un emballage appropri\u00e9.<br \/>\n2) Veuillez ne pas nous retourner les marchandises en port d\u00fb.<br \/>\n3) Veuillez noter que les points 1-2 susmentionn\u00e9s ne sont pas une condition pr\u00e9alable \u00e0 l'exercice effectif du droit de r\u00e9tractation.<\/p>\n\n<h2>B. Formulaire de retrait<\/h2>\n\n<p>Si vous souhaitez annuler le contrat, veuillez remplir et renvoyer ce formulaire.<\/p>\n\n<p>A<\/p>\n\n<p>Anakena GmbH &amp; Co. KG<br \/>\nUlrich Corti Str. 10<br \/>\n81249 Munich<br \/>\nAllemagne<\/p>\n\n<p>Courriel : info@anakena.de<\/p>\n\n<p>Par la pr\u00e9sente, je\/nous (*) r\u00e9voque(ons) le contrat que j'ai\/nous avons (*) conclu pour l'achat des marchandises suivantes (*) \/ la fourniture du service suivant (*)<\/p>\n\n<p>_______________________________________________________<\/p>\n\n<p>_______________________________________________________<\/p>\n\n<p>Command\u00e9 le (*) ____________ \/ re\u00e7u le (*) __________________<\/p>\n\n<p>________________________________________________________<br \/>\nNom du ou des consommateurs<\/p>\n\n<p>________________________________________________________<br \/>\nAdresse du ou des consommateurs<\/p>\n\n<p>________________________________________________________<br \/>\nSignature du ou des consommateurs (uniquement en cas de notification sur papier)<\/p>\n\n<p>_________________________<br \/>\nDate<\/p>\n\n<p>(*) Biffer les mentions inutiles<\/p><\/div><div id=\"itkanzlei_txt_copyright\" style=\"font-size: 12px; margin-top: 8em;\"><div style=\"display: inline-block; vertical-align: top;\"><a href=\"https:\/\/www.it-recht-kanzlei.de\/\" target=\"_blank\" rel=\"noopener\"><img decoding=\"async\" src=\"https:\/\/www.it-recht-kanzlei.de\/logo\/Copyright-Logo_Widerrufsbelehrung.png?i=323f0-18b72-39c9-907f-1\" id=\"itkanzlei_img_copyright\" alt=\"IT Law Firm\" title=\"IT Law Firm\" style=\"margin-top: -20px; border-style: none; max-width: 100%;\" \/><\/a><\/div><div style=\"display: inline-block; vertical-align: top; margin-left: 5px; float: right; white-space: nowrap;\">Situation au 28.03.2026, 19:17:08<\/div><div style=\"clear: right;\"><\/div><\/div><\/div><\/div>\n\t\t\t\t\t\t<\/div>\n\t\t\t\t<\/div>\n\t\t\t\t\t<\/div>\n\t\t<\/div>\n\t\t\t\t\t<\/div>\n\t\t<\/section>\n\t\t\t\t<\/div>","protected":false},"excerpt":{"rendered":"<p>POLITIQUE D'ANNULATION<\/p>","protected":false},"author":8,"featured_media":0,"parent":0,"menu_order":0,"comment_status":"closed","ping_status":"closed","template":"","meta":{"content-type":"","inline_featured_image":false,"ocean_post_layout":"","ocean_both_sidebars_style":"","ocean_both_sidebars_content_width":0,"ocean_both_sidebars_sidebars_width":0,"ocean_sidebar":"0","ocean_second_sidebar":"0","ocean_disable_margins":"enable","ocean_add_body_class":"","ocean_shortcode_before_top_bar":"","ocean_shortcode_after_top_bar":"","ocean_shortcode_before_header":"","ocean_shortcode_after_header":"","ocean_has_shortcode":"","ocean_shortcode_after_title":"","ocean_shortcode_before_footer_widgets":"","ocean_shortcode_after_footer_widgets":"","ocean_shortcode_before_footer_bottom":"","ocean_shortcode_after_footer_bottom":"","ocean_display_top_bar":"default","ocean_display_header":"default","ocean_header_style":"","ocean_center_header_left_menu":"0","ocean_custom_header_template":"0","ocean_custom_logo":0,"ocean_custom_retina_logo":0,"ocean_custom_logo_max_width":0,"ocean_custom_logo_tablet_max_width":0,"ocean_custom_logo_mobile_max_width":0,"ocean_custom_logo_max_height":0,"ocean_custom_logo_tablet_max_height":0,"ocean_custom_logo_mobile_max_height":0,"ocean_header_custom_menu":"0","ocean_menu_typo_font_family":"0","ocean_menu_typo_font_subset":"","ocean_menu_typo_font_size":0,"ocean_menu_typo_font_size_tablet":0,"ocean_menu_typo_font_size_mobile":0,"ocean_menu_typo_font_size_unit":"px","ocean_menu_typo_font_weight":"","ocean_menu_typo_font_weight_tablet":"","ocean_menu_typo_font_weight_mobile":"","ocean_menu_typo_transform":"","ocean_menu_typo_transform_tablet":"","ocean_menu_typo_transform_mobile":"","ocean_menu_typo_line_height":0,"ocean_menu_typo_line_height_tablet":0,"ocean_menu_typo_line_height_mobile":0,"ocean_menu_typo_line_height_unit":"","ocean_menu_typo_spacing":0,"ocean_menu_typo_spacing_tablet":0,"ocean_menu_typo_spacing_mobile":0,"ocean_menu_typo_spacing_unit":"","ocean_menu_link_color":"","ocean_menu_link_color_hover":"","ocean_menu_link_color_active":"","ocean_menu_link_background":"","ocean_menu_link_hover_background":"","ocean_menu_link_active_background":"","ocean_menu_social_links_bg":"","ocean_menu_social_hover_links_bg":"","ocean_menu_social_links_color":"","ocean_menu_social_hover_links_color":"","ocean_disable_title":"default","ocean_disable_heading":"default","ocean_post_title":"","ocean_post_subheading":"","ocean_post_title_style":"","ocean_post_title_background_color":"","ocean_post_title_background":0,"ocean_post_title_bg_image_position":"","ocean_post_title_bg_image_attachment":"","ocean_post_title_bg_image_repeat":"","ocean_post_title_bg_image_size":"","ocean_post_title_height":0,"ocean_post_title_bg_overlay":0.5,"ocean_post_title_bg_overlay_color":"","ocean_disable_breadcrumbs":"default","ocean_breadcrumbs_color":"","ocean_breadcrumbs_separator_color":"","ocean_breadcrumbs_links_color":"","ocean_breadcrumbs_links_hover_color":"","ocean_display_footer_widgets":"default","ocean_display_footer_bottom":"default","ocean_custom_footer_template":"0","footnotes":""},"class_list":["post-16137","page","type-page","status-publish","hentry","entry","owp-thumbs-layout-horizontal","owp-btn-normal","owp-tabs-layout-vertical","has-no-thumbnails","has-product-nav"],"amp_enabled":true,"_links":{"self":[{"href":"https:\/\/anakena.de\/fr\/wp-json\/wp\/v2\/pages\/16137","targetHints":{"allow":["GET"]}}],"collection":[{"href":"https:\/\/anakena.de\/fr\/wp-json\/wp\/v2\/pages"}],"about":[{"href":"https:\/\/anakena.de\/fr\/wp-json\/wp\/v2\/types\/page"}],"author":[{"embeddable":true,"href":"https:\/\/anakena.de\/fr\/wp-json\/wp\/v2\/users\/8"}],"replies":[{"embeddable":true,"href":"https:\/\/anakena.de\/fr\/wp-json\/wp\/v2\/comments?post=16137"}],"version-history":[{"count":1,"href":"https:\/\/anakena.de\/fr\/wp-json\/wp\/v2\/pages\/16137\/revisions"}],"predecessor-version":[{"id":24934,"href":"https:\/\/anakena.de\/fr\/wp-json\/wp\/v2\/pages\/16137\/revisions\/24934"}],"wp:attachment":[{"href":"https:\/\/anakena.de\/fr\/wp-json\/wp\/v2\/media?parent=16137"}],"curies":[{"name":"wp","href":"https:\/\/api.w.org\/{rel}","templated":true}]}}