{"id":24222,"date":"2025-06-19T01:59:28","date_gmt":"2025-06-19T00:59:28","guid":{"rendered":"https:\/\/anakena.de\/?page_id=24222"},"modified":"2025-06-19T02:46:21","modified_gmt":"2025-06-19T01:46:21","slug":"declaration-daccessibilite","status":"publish","type":"page","link":"https:\/\/anakena.de\/fr\/erklaerung-zur-barrierefreiheit\/","title":{"rendered":"D\u00e9claration d'accessibilit\u00e9"},"content":{"rendered":"<div data-elementor-type=\"wp-page\" data-elementor-id=\"24222\" class=\"elementor elementor-24222\" data-elementor-settings=\"{&quot;ha_cmc_init_switcher&quot;:&quot;no&quot;}\" data-elementor-post-type=\"page\">\n\t\t\t\t\t\t<section class=\"ob-is-breaking-bad elementor-section elementor-top-section elementor-element elementor-element-122f7e7 elementor-section-boxed elementor-section-height-default elementor-section-height-default\" data-id=\"122f7e7\" data-element_type=\"section\" data-e-type=\"section\" data-settings=\"{&quot;_ob_bbad_use_it&quot;:&quot;yes&quot;,&quot;_ob_bbad_sssic_use&quot;:&quot;no&quot;,&quot;_ob_glider_is_slider&quot;:&quot;no&quot;,&quot;_ha_eqh_enable&quot;:false}\">\n\t\t\t\t\t\t<div class=\"elementor-container elementor-column-gap-default\">\n\t\t\t\t\t<div class=\"elementor-column elementor-col-100 elementor-top-column elementor-element elementor-element-ad41aad\" data-id=\"ad41aad\" data-element_type=\"column\" data-e-type=\"column\" data-settings=\"{&quot;_ob_bbad_is_stalker&quot;:&quot;no&quot;,&quot;_ob_teleporter_use&quot;:false,&quot;_ob_column_hoveranimator&quot;:&quot;no&quot;,&quot;_ob_column_has_pseudo&quot;:&quot;no&quot;}\">\n\t\t\t<div class=\"elementor-widget-wrap elementor-element-populated\">\n\t\t\t\t\t\t<div class=\"elementor-element elementor-element-18c67c4 ob-harakiri-inherit ob-has-background-overlay elementor-widget elementor-widget-heading\" data-id=\"18c67c4\" data-element_type=\"widget\" data-e-type=\"widget\" data-settings=\"{&quot;_ob_use_harakiri&quot;:&quot;yes&quot;,&quot;_ob_harakiri_writing_mode&quot;:&quot;inherit&quot;,&quot;_ob_harakiri_text_clip&quot;:&quot;none&quot;,&quot;_ob_perspektive_use&quot;:&quot;no&quot;,&quot;_ob_poopart_use&quot;:&quot;yes&quot;,&quot;_ob_shadough_use&quot;:&quot;no&quot;,&quot;_ob_allow_hoveranimator&quot;:&quot;no&quot;,&quot;_ob_widget_stalker_use&quot;:&quot;no&quot;}\" data-widget_type=\"heading.default\">\n\t\t\t\t<div class=\"elementor-widget-container\">\n\t\t\t\t\t<h2 class=\"elementor-heading-title elementor-size-default\">D\u00c9CLARATION D'ACCESSIBILIT\u00c9<\/h2>\t\t\t\t<\/div>\n\t\t\t\t<\/div>\n\t\t\t\t\t<\/div>\n\t\t<\/div>\n\t\t\t\t\t<\/div>\n\t\t<\/section>\n\t\t\t\t<section class=\"ob-is-breaking-bad elementor-section elementor-top-section elementor-element elementor-element-1b75a47 elementor-section-boxed elementor-section-height-default elementor-section-height-default\" data-id=\"1b75a47\" data-element_type=\"section\" data-e-type=\"section\" data-settings=\"{&quot;_ob_bbad_use_it&quot;:&quot;yes&quot;,&quot;_ob_bbad_sssic_use&quot;:&quot;no&quot;,&quot;_ob_glider_is_slider&quot;:&quot;no&quot;,&quot;_ha_eqh_enable&quot;:false}\">\n\t\t\t\t\t\t<div class=\"elementor-container elementor-column-gap-default\">\n\t\t\t\t\t<div class=\"elementor-column elementor-col-100 elementor-top-column elementor-element elementor-element-597e2e3\" data-id=\"597e2e3\" data-element_type=\"column\" data-e-type=\"column\" data-settings=\"{&quot;_ob_bbad_is_stalker&quot;:&quot;no&quot;,&quot;_ob_teleporter_use&quot;:false,&quot;_ob_column_hoveranimator&quot;:&quot;no&quot;,&quot;_ob_column_has_pseudo&quot;:&quot;no&quot;}\">\n\t\t\t<div class=\"elementor-widget-wrap elementor-element-populated\">\n\t\t\t\t\t\t<div class=\"elementor-element elementor-element-c801e6a ob-harakiri-inherit ob-has-background-overlay elementor-widget elementor-widget-text-editor\" data-id=\"c801e6a\" data-element_type=\"widget\" data-e-type=\"widget\" data-settings=\"{&quot;_ob_use_harakiri&quot;:&quot;yes&quot;,&quot;_ob_harakiri_writing_mode&quot;:&quot;inherit&quot;,&quot;_ob_postman_use&quot;:&quot;no&quot;,&quot;_ob_perspektive_use&quot;:&quot;no&quot;,&quot;_ob_poopart_use&quot;:&quot;yes&quot;,&quot;_ob_shadough_use&quot;:&quot;no&quot;,&quot;_ob_allow_hoveranimator&quot;:&quot;no&quot;,&quot;_ob_widget_stalker_use&quot;:&quot;no&quot;}\" data-widget_type=\"text-editor.default\">\n\t\t\t\t<div class=\"elementor-widget-container\">\n\t\t\t\t\t\t\t\t\t<h2 style=\"text-align: center;\">1) Introduction<\/h2><p style=\"text-align: center;\">Nous sommes heureux de vous accueillir sur notre site et vous remercions de votre int\u00e9r\u00eat.<br \/>Vous trouverez ci-dessous des informations sur l'accessibilit\u00e9 de notre offre en ligne.<br \/>Nous vous en informons,<br \/>- quelle offre et quelles fonctions vous attendent sur ce site web,<br \/>- comment utiliser cette offre et ses fonctions,<br \/>- quelles sont les possibilit\u00e9s d'utilisation accessibles dont vous disposez et<br \/>- quelle est l'autorit\u00e9 responsable du contr\u00f4le de l'accessibilit\u00e9 sur ce site web.<\/p><h2 style=\"text-align: center;\">2) Offre et fonctions de ce site web<\/h2><p style=\"text-align: center;\">Ce site web est une boutique en ligne pour la vente de marchandises.<br \/>Les marchandises sont consid\u00e9r\u00e9es comme des biens corporels.<br \/>Des marchandises sont pr\u00e9sent\u00e9es ici, qui peuvent \u00eatre ajout\u00e9es \u00e0 un panier \u00e9lectronique, puis command\u00e9es et pay\u00e9es de mani\u00e8re contraignante.<br \/>Ce site web dispose d'un menu d'en-t\u00eate et d'un menu de pied de page.<br \/>Dans le menu de l'en-t\u00eate, les marchandises que nous vendons sont list\u00e9es par cat\u00e9gorie et peuvent \u00eatre appel\u00e9es individuellement \u00e0 partir de l\u00e0.<br \/>Chaque produit est d\u00e9crit sur une page d\u00e9taill\u00e9e avec des informations suppl\u00e9mentaires sur ses caract\u00e9ristiques essentielles, le contenu de la livraison et le prix total. De l\u00e0, il peut \u00eatre ajout\u00e9 au panier \u00e9lectronique.<br \/>En outre, le panier \u00e9lectronique peut \u00eatre visit\u00e9 via le menu de l'en-t\u00eate, d\u00e8s que vous y avez ajout\u00e9 au moins un article. C'est \u00e0 partir de ce panier que le processus de commande \u00e9lectronique peut \u00eatre lanc\u00e9 et conclu.<br \/>Dans le menu du pied de page, vous trouverez des liens vers nos mentions l\u00e9gales avec nos coordonn\u00e9es ainsi que des informations sur les bases juridiques de notre offre en ligne, sur l'exp\u00e9dition et les possibilit\u00e9s de paiement ainsi que des liens vers d'autres pages de service utiles.<\/p><h2 style=\"text-align: center;\">3) Explications sur l'utilisation de l'offre et des fonctions<\/h2><p style=\"text-align: center;\">3.1 Boutons virtuels<br \/>Ce site web peut \u00eatre utilis\u00e9 \u00e0 l'aide de boutons virtuels.<br \/>3.2 Pages d'accueil, d'aper\u00e7u et de d\u00e9tail<br \/>Sur la page d'accueil, vous trouverez une s\u00e9lection de produits propos\u00e9s dans la partie centrale de la page. En interagissant avec une pr\u00e9sentation de produit, vous acc\u00e9dez \u00e0 la page de d\u00e9tail du produit.<br \/>Dans le menu de l'en-t\u00eate, vous pouvez naviguer entre les diff\u00e9rentes cat\u00e9gories de produits.<br \/>Apr\u00e8s avoir s\u00e9lectionn\u00e9 une cat\u00e9gorie, vous acc\u00e9dez \u00e0 une page d'aper\u00e7u dans laquelle tous les produits de cette cat\u00e9gorie sont pr\u00e9sent\u00e9s.<br \/>En interagissant avec une pr\u00e9sentation de produit sur la page d'aper\u00e7u, vous acc\u00e9dez \u00e0 nouveau \u00e0 la page de d\u00e9tail du produit.<br \/>Les pages de d\u00e9tail des produits contiennent, outre toutes les informations essentielles sur le produit et le prix total, le cas \u00e9ch\u00e9ant un \u00e9l\u00e9ment de s\u00e9lection de la quantit\u00e9 ainsi qu'un bouton de panier.<br \/>Si elle existe, la s\u00e9lection des quantit\u00e9s permet de d\u00e9finir la quantit\u00e9 souhait\u00e9e pour la commande.<br \/>3.3 Panier \u00e9lectronique<br \/>En cliquant sur le bouton \"panier\", vous ajoutez le produit (le cas \u00e9ch\u00e9ant dans la quantit\u00e9 choisie) au panier \u00e9lectronique.<br \/>Ce panier \u00e9lectronique peut \u00eatre consult\u00e9 \u00e0 tout moment via le menu de l'en-t\u00eate.<br \/>Ici, vous pouvez tout d'abord v\u00e9rifier les produits ajout\u00e9s. Les boutons correspondants permettent de supprimer des produits ou, le cas \u00e9ch\u00e9ant, de modifier la quantit\u00e9 command\u00e9e.<br \/>3.4 Processus de commande \u00e9lectronique<br \/>Apr\u00e8s v\u00e9rification, vous pouvez terminer le processus de commande \u00e9lectronique en interagissant avec les boutons correspondants.<br \/>Pour ce faire, il vous sera d'abord demand\u00e9 d'indiquer vos coordonn\u00e9es (au moins votre nom, votre adresse e-mail et votre adresse de livraison ou de facturation) via un masque de saisie.<br \/>Ensuite, vous pouvez choisir entre les options de livraison ou de prestation disponibles.<br \/>Enfin, vous pouvez choisir l'une des m\u00e9thodes de paiement disponibles, saisir les donn\u00e9es de paiement n\u00e9cessaires et finaliser la commande.<br \/>La passation obligatoire de la commande n'a lieu que lorsque le bouton pr\u00e9vu \u00e0 cet effet sur la page de commande finale est actionn\u00e9. Il porte la mention \"Acheter\", \"Acheter maintenant\", \"Commande avec obligation de paiement\" ou une autre formulation claire.<br \/>Avant d'appuyer sur ce bouton de commande, vous pouvez \u00e0 tout moment revenir aux \u00e9tapes pr\u00e9c\u00e9dentes et\/ou interrompre le processus de commande \u00e0 l'aide du bouton \"Retour\" de votre navigateur.<br \/>Si vous avez choisi de payer avec un mode de paiement en ligne, vous serez redirig\u00e9 vers le syst\u00e8me du prestataire de paiement \u00e0 partir de la page de commande finale afin d'y effectuer le paiement.<\/p><h2 style=\"text-align: center;\">4) Exigences l\u00e9gales en mati\u00e8re d'accessibilit\u00e9<\/h2><p style=\"text-align: center;\">En tant que boutique en ligne, ce site fait partie de ce que l'on appelle les \"services dans le commerce \u00e9lectronique\" et se caract\u00e9rise par une possibilit\u00e9 de commande et de paiement \u00e9lectroniques.<br \/>Ils sont soumis \u00e0 des exigences l\u00e9gales particuli\u00e8res en mati\u00e8re d'accessibilit\u00e9.<br \/>En g\u00e9n\u00e9ral, ce site doit pr\u00e9voir des fonctions et des proc\u00e9dures adapt\u00e9es aux besoins des personnes handicap\u00e9es et permettre une utilisation avec des outils num\u00e9riques.<br \/>Les fonctions de la boutique en ligne de ce site doivent pour cela<br \/>- perceptible<br \/>- utilisable<br \/>- compr\u00e9hensible et<br \/>- robuste<br \/>\u00eatre con\u00e7u.<br \/>La perceptibilit\u00e9 signifie que les informations et les composants de la boutique en ligne sont pr\u00e9sent\u00e9s de telle sorte qu'ils puissent \u00eatre per\u00e7us sans probl\u00e8me par tous les utilisateurs.<br \/>La facilit\u00e9 d'utilisation exige que les fonctions de la boutique en ligne puissent \u00eatre utilis\u00e9es par des utilisateurs dont la mobilit\u00e9 ou la raison sont limit\u00e9es.<br \/>L'intelligibilit\u00e9 suppose que les informations et les fonctions de la boutique en ligne soient structur\u00e9es de mani\u00e8re logique, facilement reconnaissables et d\u00e9sign\u00e9es sans ambigu\u00eft\u00e9.<br \/>Enfin, la robustesse exige que les contenus et les fonctions de la boutique en ligne puissent \u00eatre utilis\u00e9s de mani\u00e8re fiable et sans restriction, m\u00eame si les utilisateurs utilisent des outils num\u00e9riques.<br \/>Si la boutique en ligne propose \u00e0 la vente des produits soumis \u00e0 des exigences propres en mati\u00e8re d'accessibilit\u00e9, des informations relatives \u00e0 l'utilisation sans barri\u00e8res doivent \u00eatre mises \u00e0 disposition pour ces produits - si elles sont disponibles.<\/p><h2 style=\"text-align: center;\">5) Aides disponibles pour une utilisation accessible<\/h2><p style=\"text-align: center;\">Ce site web r\u00e9pond aux exigences d'accessibilit\u00e9 par les mesures suivantes :<br \/>- Adaptabilit\u00e9 de la taille des caract\u00e8res : la taille des caract\u00e8res du contenu des pages peut \u00eatre adapt\u00e9e gr\u00e2ce \u00e0 une possibilit\u00e9 de r\u00e9glage, afin que chaque utilisateur puisse les percevoir le mieux possible.<br \/>- Captchas accessibles : pour s'assurer que les entr\u00e9es sont d'origine humaine, on utilise parfois des \"captchas\". Ces captchas peuvent \u00eatre utilis\u00e9s non seulement par une attribution visuelle au moyen de la vue, mais aussi par la r\u00e9solution de t\u00e2ches intellectuelles simples.<br \/>- Utilisation de la souris et du clavier : les fonctions de la boutique en ligne peuvent \u00eatre utilis\u00e9es aussi bien avec la souris qu'avec le clavier. Les touches de commande du clavier permettent de d\u00e9placer et d'actionner le curseur de la souris dans la boutique en ligne.<br \/>- Sortie de page ind\u00e9pendante du navigateur : les contenus et les fonctions de ce site web sont disponibles dans une disposition, une orientation et une r\u00e9solution identiques, quel que soit le navigateur utilis\u00e9.<br \/>- Feuilles de style en cascade (CSS) : Il s'agit d'un langage de programmation qui s\u00e9pare la pr\u00e9sentation, la couleur et l'organisation du contenu des pages de leur structure. Cela permet aux outils num\u00e9riques d'utiliser leurs propres sch\u00e9mas de visibilit\u00e9 pour repr\u00e9senter le contenu des pages.<br \/>- Espacement suffisant entre les caract\u00e8res : les caract\u00e8res sont repr\u00e9sent\u00e9s avec un espacement suffisant entre eux pour ne pas nuire \u00e0 la lisibilit\u00e9.<br \/>- Responsive design (adaptation aux diff\u00e9rentes tailles d'\u00e9cran) : Les dimensions des contenus, des \u00e9l\u00e9ments et des fonctions s'adaptent automatiquement \u00e0 la taille de l'\u00e9cran utilis\u00e9.<br \/>- \u00c9volutivit\u00e9 (visibilit\u00e9 en cas d'agrandissement) : Les \u00e9l\u00e9ments de la page et les contenus restent lisibles en haute r\u00e9solution m\u00eame en cas d'agrandissement.<br \/>- Fort contraste de couleurs : un fort contraste entre les couleurs des caract\u00e8res et des arri\u00e8re-plans est pr\u00e9r\u00e9gl\u00e9 afin de garantir une visibilit\u00e9 optimale des \u00e9l\u00e9ments de la page.<br \/>- Indications textuelles en cas de non-remplissage des champs de saisie : Si des champs de saisie obligatoires ne sont pas remplis, une remarque textuelle est \u00e9mise en plus d'un marquage en couleur. Cette remarque met en \u00e9vidence l'information manquante dans le champ de saisie.<\/p><h2 style=\"text-align: center;\">6) Autorit\u00e9 de surveillance comp\u00e9tente<\/h2><p style=\"text-align: center;\">Une autorit\u00e9 de contr\u00f4le sera charg\u00e9e de surveiller l'accessibilit\u00e9 de ce site.<br \/>Actuellement, celle-ci n'est pas encore d\u00e9termin\u00e9e.<br \/>D\u00e8s qu'une autorit\u00e9 comp\u00e9tente est d\u00e9sign\u00e9e, son nom et son adresse sont indiqu\u00e9s ici.<\/p><p style=\"text-align: center;\"><span style=\"font-size: 10pt;\">Mention de copyright : cr\u00e9\u00e9 par les avocats sp\u00e9cialis\u00e9s du cabinet IT-Droit et prot\u00e9g\u00e9 par le droit d'auteur (https:\/\/www.it-recht-kanzlei.de)<br \/><\/span><span style=\"font-size: 10pt;\">Situation au 19\/06\/2025, 02:59:39<\/span><\/p>\t\t\t\t\t\t\t\t<\/div>\n\t\t\t\t<\/div>\n\t\t\t\t\t<\/div>\n\t\t<\/div>\n\t\t\t\t\t<\/div>\n\t\t<\/section>\n\t\t\t\t<\/div>","protected":false},"excerpt":{"rendered":"<p>BARRIEREFREIHEITSERKL\u00c4RUNG 1) Einleitung Wir freuen uns \u00fcber Ihren Besuch unserer Website und bedanken uns f\u00fcr Ihr Interesse.Nachstehend erhalten Sie Informationen zur barrierefreien Nutzbarkeit unseres Online-Angebots.Wir informieren Sie dar\u00fcber,&#8211; welches Angebot und welche Funktionen Sie auf dieser Website erwarten,&#8211; wie Sie dieses Angebot und die Funktionen nutzen k\u00f6nnen,&#8211; welche M\u00f6glichkeiten zur barrierefreien Nutzung Ihnen zur Verf\u00fcgung [&hellip;]<\/p>\n","protected":false},"author":8,"featured_media":0,"parent":0,"menu_order":0,"comment_status":"closed","ping_status":"closed","template":"","meta":{"content-type":"","inline_featured_image":false,"ocean_post_layout":"","ocean_both_sidebars_style":"","ocean_both_sidebars_content_width":0,"ocean_both_sidebars_sidebars_width":0,"ocean_sidebar":"","ocean_second_sidebar":"","ocean_disable_margins":"enable","ocean_add_body_class":"","ocean_shortcode_before_top_bar":"","ocean_shortcode_after_top_bar":"","ocean_shortcode_before_header":"","ocean_shortcode_after_header":"","ocean_has_shortcode":"","ocean_shortcode_after_title":"","ocean_shortcode_before_footer_widgets":"","ocean_shortcode_after_footer_widgets":"","ocean_shortcode_before_footer_bottom":"","ocean_shortcode_after_footer_bottom":"","ocean_display_top_bar":"default","ocean_display_header":"default","ocean_header_style":"","ocean_center_header_left_menu":"","ocean_custom_header_template":"","ocean_custom_logo":0,"ocean_custom_retina_logo":0,"ocean_custom_logo_max_width":0,"ocean_custom_logo_tablet_max_width":0,"ocean_custom_logo_mobile_max_width":0,"ocean_custom_logo_max_height":0,"ocean_custom_logo_tablet_max_height":0,"ocean_custom_logo_mobile_max_height":0,"ocean_header_custom_menu":"","ocean_menu_typo_font_family":"","ocean_menu_typo_font_subset":"","ocean_menu_typo_font_size":0,"ocean_menu_typo_font_size_tablet":0,"ocean_menu_typo_font_size_mobile":0,"ocean_menu_typo_font_size_unit":"px","ocean_menu_typo_font_weight":"","ocean_menu_typo_font_weight_tablet":"","ocean_menu_typo_font_weight_mobile":"","ocean_menu_typo_transform":"","ocean_menu_typo_transform_tablet":"","ocean_menu_typo_transform_mobile":"","ocean_menu_typo_line_height":0,"ocean_menu_typo_line_height_tablet":0,"ocean_menu_typo_line_height_mobile":0,"ocean_menu_typo_line_height_unit":"","ocean_menu_typo_spacing":0,"ocean_menu_typo_spacing_tablet":0,"ocean_menu_typo_spacing_mobile":0,"ocean_menu_typo_spacing_unit":"","ocean_menu_link_color":"","ocean_menu_link_color_hover":"","ocean_menu_link_color_active":"","ocean_menu_link_background":"","ocean_menu_link_hover_background":"","ocean_menu_link_active_background":"","ocean_menu_social_links_bg":"","ocean_menu_social_hover_links_bg":"","ocean_menu_social_links_color":"","ocean_menu_social_hover_links_color":"","ocean_disable_title":"default","ocean_disable_heading":"default","ocean_post_title":"","ocean_post_subheading":"","ocean_post_title_style":"","ocean_post_title_background_color":"","ocean_post_title_background":0,"ocean_post_title_bg_image_position":"","ocean_post_title_bg_image_attachment":"","ocean_post_title_bg_image_repeat":"","ocean_post_title_bg_image_size":"","ocean_post_title_height":0,"ocean_post_title_bg_overlay":0.5,"ocean_post_title_bg_overlay_color":"","ocean_disable_breadcrumbs":"default","ocean_breadcrumbs_color":"","ocean_breadcrumbs_separator_color":"","ocean_breadcrumbs_links_color":"","ocean_breadcrumbs_links_hover_color":"","ocean_display_footer_widgets":"default","ocean_display_footer_bottom":"default","ocean_custom_footer_template":"","footnotes":""},"class_list":["post-24222","page","type-page","status-publish","hentry","entry","owp-thumbs-layout-horizontal","owp-btn-normal","owp-tabs-layout-vertical","has-no-thumbnails","has-product-nav"],"amp_enabled":true,"_links":{"self":[{"href":"https:\/\/anakena.de\/fr\/wp-json\/wp\/v2\/pages\/24222","targetHints":{"allow":["GET"]}}],"collection":[{"href":"https:\/\/anakena.de\/fr\/wp-json\/wp\/v2\/pages"}],"about":[{"href":"https:\/\/anakena.de\/fr\/wp-json\/wp\/v2\/types\/page"}],"author":[{"embeddable":true,"href":"https:\/\/anakena.de\/fr\/wp-json\/wp\/v2\/users\/8"}],"replies":[{"embeddable":true,"href":"https:\/\/anakena.de\/fr\/wp-json\/wp\/v2\/comments?post=24222"}],"version-history":[{"count":0,"href":"https:\/\/anakena.de\/fr\/wp-json\/wp\/v2\/pages\/24222\/revisions"}],"wp:attachment":[{"href":"https:\/\/anakena.de\/fr\/wp-json\/wp\/v2\/media?parent=24222"}],"curies":[{"name":"wp","href":"https:\/\/api.w.org\/{rel}","templated":true}]}}