{"id":8792,"date":"2019-12-22T20:01:13","date_gmt":"2019-12-22T20:01:13","guid":{"rendered":"https:\/\/chatbit.de\/shop\/?post_type=product&#038;p=8792"},"modified":"2026-01-26T07:40:40","modified_gmt":"2026-01-26T06:40:40","slug":"gel-douche-et-lotion-pour-le-corps-et-anakena","status":"publish","type":"product","link":"https:\/\/anakena.de\/fr\/product\/duschgel-und-koerperlotion-und-anakena\/","title":{"rendered":"Set exotique gel douche et lotion pour le corps"},"content":{"rendered":"","protected":false},"excerpt":{"rendered":"<p data-start=\"267\" data-end=\"368\"><strong data-start=\"267\" data-end=\"322\">Gel douche peau &amp; cheveux - \u00e0 l'extrait fin de lait de coco<\/strong><br data-start=\"322\" data-end=\"325\" \/><strong>Contenu : 200 ml<\/strong> - Prix \u00e0 l'unit\u00e9 : 89,75 \u20ac\/litre<\/p>\n<p data-start=\"370\" data-end=\"503\"><strong data-start=\"370\" data-end=\"456\">Lotion pour le corps - \u00e0 la goyave bio, au curcuma, \u00e0 l'algue bio et au Mono\u00ef de Tahiti Natural Ananas<\/strong><br data-start=\"456\" data-end=\"459\" \/><strong>Contenu : 200 ml<\/strong> - Prix unitaire : 139,75 \u20ac\/litre<\/p>\n<p data-start=\"505\" data-end=\"596\"><strong data-start=\"505\" data-end=\"521\">Votre avantage :<\/strong><br data-start=\"521\" data-end=\"524\" \/>En achetant ce kit, vous \u00e9conomisez <strong data-start=\"557\" data-end=\"567\">3,00 \u20ac<\/strong> par rapport \u00e0 l'achat individuel.<\/p>\n<p>&nbsp;<\/p>","protected":false},"featured_media":24544,"template":"","meta":{"content-type":"","inline_featured_image":false,"ocean_post_layout":"","ocean_both_sidebars_style":"","ocean_both_sidebars_content_width":0,"ocean_both_sidebars_sidebars_width":0,"ocean_sidebar":"0","ocean_second_sidebar":"0","ocean_disable_margins":"enable","ocean_add_body_class":"","ocean_shortcode_before_top_bar":"","ocean_shortcode_after_top_bar":"","ocean_shortcode_before_header":"","ocean_shortcode_after_header":"","ocean_has_shortcode":"","ocean_shortcode_after_title":"","ocean_shortcode_before_footer_widgets":"","ocean_shortcode_after_footer_widgets":"","ocean_shortcode_before_footer_bottom":"","ocean_shortcode_after_footer_bottom":"","ocean_display_top_bar":"default","ocean_display_header":"default","ocean_header_style":"","ocean_center_header_left_menu":"0","ocean_custom_header_template":"0","ocean_custom_logo":0,"ocean_custom_retina_logo":0,"ocean_custom_logo_max_width":0,"ocean_custom_logo_tablet_max_width":0,"ocean_custom_logo_mobile_max_width":0,"ocean_custom_logo_max_height":0,"ocean_custom_logo_tablet_max_height":0,"ocean_custom_logo_mobile_max_height":0,"ocean_header_custom_menu":"0","ocean_menu_typo_font_family":"0","ocean_menu_typo_font_subset":"","ocean_menu_typo_font_size":0,"ocean_menu_typo_font_size_tablet":0,"ocean_menu_typo_font_size_mobile":0,"ocean_menu_typo_font_size_unit":"px","ocean_menu_typo_font_weight":"","ocean_menu_typo_font_weight_tablet":"","ocean_menu_typo_font_weight_mobile":"","ocean_menu_typo_transform":"","ocean_menu_typo_transform_tablet":"","ocean_menu_typo_transform_mobile":"","ocean_menu_typo_line_height":0,"ocean_menu_typo_line_height_tablet":0,"ocean_menu_typo_line_height_mobile":0,"ocean_menu_typo_line_height_unit":"","ocean_menu_typo_spacing":0,"ocean_menu_typo_spacing_tablet":0,"ocean_menu_typo_spacing_mobile":0,"ocean_menu_typo_spacing_unit":"","ocean_menu_link_color":"","ocean_menu_link_color_hover":"","ocean_menu_link_color_active":"","ocean_menu_link_background":"","ocean_menu_link_hover_background":"","ocean_menu_link_active_background":"","ocean_menu_social_links_bg":"","ocean_menu_social_hover_links_bg":"","ocean_menu_social_links_color":"","ocean_menu_social_hover_links_color":"","ocean_disable_title":"default","ocean_disable_heading":"default","ocean_post_title":"","ocean_post_subheading":"","ocean_post_title_style":"","ocean_post_title_background_color":"","ocean_post_title_background":0,"ocean_post_title_bg_image_position":"","ocean_post_title_bg_image_attachment":"","ocean_post_title_bg_image_repeat":"","ocean_post_title_bg_image_size":"","ocean_post_title_height":0,"ocean_post_title_bg_overlay":0.5,"ocean_post_title_bg_overlay_color":"","ocean_disable_breadcrumbs":"default","ocean_breadcrumbs_color":"","ocean_breadcrumbs_separator_color":"","ocean_breadcrumbs_links_color":"","ocean_breadcrumbs_links_hover_color":"","ocean_display_footer_widgets":"default","ocean_display_footer_bottom":"default","ocean_custom_footer_template":"0"},"product_brand":[702],"product_cat":[695,694],"product_tag":[698,708,697,707,705],"class_list":{"0":"post-8792","1":"product","2":"type-product","3":"status-publish","4":"has-post-thumbnail","6":"product_brand-anakena-natural-cosmetics","7":"product_cat-haarpflege","8":"product_cat-koerperpflege","9":"product_tag-erfrischend","10":"product_tag-hautvertraeglich","11":"product_tag-pflegend","12":"product_tag-sanfte-reinigung","13":"product_tag-tropischer-duft","14":"product_shipping_class-1kg","16":"entry","17":"has-media","19":"first","20":"instock","21":"taxable","22":"shipping-taxable","23":"purchasable","24":"product-type-simple","25":"has-product-nav","26":"col","27":"span_1_of_3","28":"owp-content-center","29":"item-entry","30":"owp-thumbs-layout-horizontal","31":"owp-btn-normal","32":"owp-tabs-layout-vertical"},"amp_enabled":true,"_links":{"self":[{"href":"https:\/\/anakena.de\/fr\/wp-json\/wp\/v2\/product\/8792","targetHints":{"allow":["GET"]}}],"collection":[{"href":"https:\/\/anakena.de\/fr\/wp-json\/wp\/v2\/product"}],"about":[{"href":"https:\/\/anakena.de\/fr\/wp-json\/wp\/v2\/types\/product"}],"version-history":[{"count":0,"href":"https:\/\/anakena.de\/fr\/wp-json\/wp\/v2\/product\/8792\/revisions"}],"wp:featuredmedia":[{"embeddable":true,"href":"https:\/\/anakena.de\/fr\/wp-json\/wp\/v2\/media\/24544"}],"wp:attachment":[{"href":"https:\/\/anakena.de\/fr\/wp-json\/wp\/v2\/media?parent=8792"}],"wp:term":[{"taxonomy":"product_brand","embeddable":true,"href":"https:\/\/anakena.de\/fr\/wp-json\/wp\/v2\/product_brand?post=8792"},{"taxonomy":"product_cat","embeddable":true,"href":"https:\/\/anakena.de\/fr\/wp-json\/wp\/v2\/product_cat?post=8792"},{"taxonomy":"product_tag","embeddable":true,"href":"https:\/\/anakena.de\/fr\/wp-json\/wp\/v2\/product_tag?post=8792"}],"curies":[{"name":"wp","href":"https:\/\/api.w.org\/{rel}","templated":true}]}}