{"id":16137,"date":"2026-03-28T18:17:10","date_gmt":"2026-03-28T18:17:10","guid":{"rendered":"https:\/\/anakena.de\/?page_id=16137"},"modified":"2026-03-28T19:17:10","modified_gmt":"2026-03-28T18:17:10","slug":"politica-di-cancellazione","status":"publish","type":"page","link":"https:\/\/anakena.de\/it\/widerrufsbelehrung\/","title":{"rendered":"Politica di cancellazione e modulo di cancellazione"},"content":{"rendered":"<div data-elementor-type=\"wp-page\" data-elementor-id=\"16137\" class=\"elementor elementor-16137\" data-elementor-settings=\"{&quot;ha_cmc_init_switcher&quot;:&quot;no&quot;}\" data-elementor-post-type=\"page\">\n\t\t\t\t\t\t<section class=\"ob-is-breaking-bad elementor-section elementor-top-section elementor-element elementor-element-2ba2714 elementor-section-boxed elementor-section-height-default elementor-section-height-default\" data-id=\"2ba2714\" data-element_type=\"section\" data-e-type=\"section\" data-settings=\"{&quot;_ob_bbad_use_it&quot;:&quot;yes&quot;,&quot;_ob_bbad_sssic_use&quot;:&quot;no&quot;,&quot;_ob_glider_is_slider&quot;:&quot;no&quot;,&quot;_ha_eqh_enable&quot;:false}\">\n\t\t\t\t\t\t<div class=\"elementor-container elementor-column-gap-default\">\n\t\t\t\t\t<div class=\"elementor-column elementor-col-100 elementor-top-column elementor-element elementor-element-e8f8989\" data-id=\"e8f8989\" data-element_type=\"column\" data-e-type=\"column\" data-settings=\"{&quot;_ob_bbad_is_stalker&quot;:&quot;no&quot;,&quot;_ob_teleporter_use&quot;:false,&quot;_ob_column_hoveranimator&quot;:&quot;no&quot;,&quot;_ob_column_has_pseudo&quot;:&quot;no&quot;}\">\n\t\t\t<div class=\"elementor-widget-wrap elementor-element-populated\">\n\t\t\t\t\t\t<div class=\"elementor-element elementor-element-a19da21 ob-harakiri-inherit ob-has-background-overlay elementor-widget elementor-widget-heading\" data-id=\"a19da21\" data-element_type=\"widget\" data-e-type=\"widget\" data-settings=\"{&quot;_ob_use_harakiri&quot;:&quot;yes&quot;,&quot;_ob_harakiri_writing_mode&quot;:&quot;inherit&quot;,&quot;_ob_harakiri_text_clip&quot;:&quot;none&quot;,&quot;_ob_perspektive_use&quot;:&quot;no&quot;,&quot;_ob_poopart_use&quot;:&quot;yes&quot;,&quot;_ob_shadough_use&quot;:&quot;no&quot;,&quot;_ob_allow_hoveranimator&quot;:&quot;no&quot;,&quot;_ob_widget_stalker_use&quot;:&quot;no&quot;}\" data-widget_type=\"heading.default\">\n\t\t\t\t<div class=\"elementor-widget-container\">\n\t\t\t\t\t<h1 class=\"elementor-heading-title elementor-size-default\">POLITICA DI CANCELLAZIONE<\/h1>\t\t\t\t<\/div>\n\t\t\t\t<\/div>\n\t\t\t\t\t<\/div>\n\t\t<\/div>\n\t\t\t\t\t<\/div>\n\t\t<\/section>\n\t\t\t\t<section class=\"ob-is-breaking-bad elementor-section elementor-top-section elementor-element elementor-element-62b7217a elementor-section-boxed elementor-section-height-default elementor-section-height-default\" data-id=\"62b7217a\" data-element_type=\"section\" data-e-type=\"section\" data-settings=\"{&quot;_ob_bbad_use_it&quot;:&quot;yes&quot;,&quot;_ob_bbad_sssic_use&quot;:&quot;no&quot;,&quot;_ob_glider_is_slider&quot;:&quot;no&quot;,&quot;_ha_eqh_enable&quot;:false}\">\n\t\t\t\t\t\t<div class=\"elementor-container elementor-column-gap-default\">\n\t\t\t\t\t<div class=\"elementor-column elementor-col-100 elementor-top-column elementor-element elementor-element-2d0a9480\" data-id=\"2d0a9480\" data-element_type=\"column\" data-e-type=\"column\" data-settings=\"{&quot;_ob_bbad_is_stalker&quot;:&quot;no&quot;,&quot;_ob_teleporter_use&quot;:false,&quot;_ob_column_hoveranimator&quot;:&quot;no&quot;,&quot;_ob_column_has_pseudo&quot;:&quot;no&quot;}\">\n\t\t\t<div class=\"elementor-widget-wrap elementor-element-populated\">\n\t\t\t\t\t\t<div class=\"elementor-element elementor-element-126909 ob-has-background-overlay elementor-widget elementor-widget-shortcode\" data-id=\"126909\" data-element_type=\"widget\" data-e-type=\"widget\" data-settings=\"{&quot;_ob_perspektive_use&quot;:&quot;no&quot;,&quot;_ob_poopart_use&quot;:&quot;yes&quot;,&quot;_ob_shadough_use&quot;:&quot;no&quot;,&quot;_ob_allow_hoveranimator&quot;:&quot;no&quot;,&quot;_ob_widget_stalker_use&quot;:&quot;no&quot;}\" data-widget_type=\"shortcode.default\">\n\t\t\t\t<div class=\"elementor-widget-container\">\n\t\t\t\t\t\t\t<div class=\"elementor-shortcode\"><div  class=\"agb_content agb_revocation  notranslate\"><div><h2>A. Politica di cancellazione<\/h2>\n\n<h3>Introduzione<\/h3>\n\n<p>I consumatori hanno il diritto di recesso secondo le seguenti disposizioni, per cui un consumatore \u00e8 qualsiasi persona fisica che conclude una transazione legale per fini che non possono essere attribuiti in modo predominante n\u00e9 alla sua attivit\u00e0 commerciale n\u00e9 alla sua attivit\u00e0 professionale indipendente:<\/p>\n\n<h3>Diritto di recesso<\/h3>\n\n<p>Lei ha il diritto di annullare il presente contratto entro quattordici giorni senza fornire alcuna motivazione.<\/p>\n\n<p>Il periodo di recesso \u00e8 di quattordici giorni a partire dal giorno in cui lei o un terzo da lei nominato, che non sia il trasportatore, ha preso o ha preso possesso dell'ultima merce.<\/p>\n\n<p>Per esercitare il suo diritto di recesso, deve inviarci (Anakena GmbH &amp; Co. KG, Ulrich-Corti-Str. 10, 81249 Monaco di Baviera, Germania, Tel.: +49 (0)89 32309601, E-Mail: info@anakena.de) della sua decisione di revocare il presente contratto mediante una chiara dichiarazione (ad esempio una lettera o un'e-mail inviata per posta). A questo scopo potete usare il modello di modulo di ritiro allegato, che tuttavia non \u00e8 obbligatorio.<\/p>\n\n<p>Potete anche scaricare il modello di modulo di recesso o un'altra dichiarazione chiara dal nostro sito web <a href=\"https:\/\/anakena.de\/widerrufsbelehrung\/\" target=\"_blank\">https:\/\/anakena.de<wbr>\/Politica di cancellazione<wbr>\/<\/a> compilare e presentare elettronicamente. Se si avvale di questa opzione, le invieremo senza indugio una conferma di ricezione di tale revoca (ad esempio via e-mail).<\/p>\n\n<p>Per rispettare il periodo di cancellazione, \u00e8 sufficiente che lei invii la notifica dell'esercizio del diritto di cancellazione prima della fine del periodo di cancellazione.<\/p>\n\n<h3>Conseguenze della revoca<\/h3>\n\n<p>Se lei recede da questo contratto, dobbiamo rimborsarle tutti i pagamenti che abbiamo ricevuto da lei, compresi i costi di consegna (ad eccezione dei costi aggiuntivi derivanti dal fatto che lei ha scelto un tipo di consegna diverso dalla consegna standard pi\u00f9 economica da noi offerta), senza ritardo e al massimo entro quattordici giorni dal giorno in cui abbiamo ricevuto la notifica del suo recesso da questo contratto. Per questo rimborso, useremo lo stesso mezzo di pagamento che hai usato per la transazione originale, a meno che non sia stato espressamente concordato diversamente con te; in nessun caso ti verr\u00e0 addebitato questo rimborso. Possiamo rifiutare il rimborso fino a quando non abbiamo ricevuto la merce indietro o fino a quando non avete fornito la prova che avete restituito la merce, qualunque sia la prima.<\/p>\n\n<p>Dovete restituire o consegnare la merce a noi o a PELA Fulfillment UG, Liebigstr. 5 85551 Kirchheim, Germania, senza indugio e in ogni caso non oltre quattordici giorni dal giorno in cui ci avete comunicato la revoca del presente contratto. Il termine \u00e8 rispettato se si spedisce la merce prima della fine del periodo di quattordici giorni.<\/p>\n\n<p>I costi diretti della restituzione della merce sono a vostro carico.<\/p>\n\n<p>Lei deve pagare la perdita di valore della merce solo se questa perdita di valore \u00e8 dovuta alla manipolazione della merce che non \u00e8 necessaria per testare la qualit\u00e0, le caratteristiche e il funzionamento della merce.<\/p>\n\n<h3>Esclusione o scadenza anticipata del diritto di recesso<\/h3>\n\n<p>Il diritto di recesso scade prematuramente per i contratti per la consegna di beni sigillati che non sono adatti alla restituzione per motivi di protezione della salute o di igiene se il loro sigillo \u00e8 stato rimosso dopo la consegna.<\/p>\n\n<p>Il diritto di recesso non si applica ai consumatori che non appartengono a uno Stato membro dell'Unione Europea al momento della conclusione del contratto e la cui unica residenza e indirizzo di consegna si trovano al di fuori dell'Unione Europea al momento della conclusione del contratto.<\/p>\n\n<h3>Note generali<\/h3>\n\n<p>1) Si prega di evitare di danneggiare e contaminare la merce. Si prega di restituirci la merce nella confezione originale con tutti gli accessori e con tutti i componenti dell'imballaggio. Se necessario, utilizzare un imballaggio esterno protettivo. Se non si dispone pi\u00f9 dell'imballaggio originale, si prega di fornire una protezione adeguata contro i danni da trasporto con un imballaggio adeguato.<br \/>\n2) Si prega di non restituire la merce a noi per il trasporto a domicilio.<br \/>\n3) Si prega di notare che le suddette clausole 1-2 non sono un prerequisito per l'effettivo esercizio del diritto di recesso.<\/p>\n\n<h2>B. Modulo di ritiro<\/h2>\n\n<p>Se desidera annullare il contratto, compili e restituisca questo modulo.<\/p>\n\n<p>A<\/p>\n\n<p>Anakena GmbH &amp; Co. KG<br \/>\nUlrich Corti Str. 10<br \/>\n81249 Monaco<br \/>\nGermania<\/p>\n\n<p>E-mail: info@anakena.de<\/p>\n\n<p>Con la presente io\/noi (*) revochiamo il contratto stipulato da me\/noi (*) per l'acquisto dei seguenti beni (*) \/ la fornitura del seguente servizio (*)<\/p>\n\n<p>_______________________________________________________<\/p>\n\n<p>_______________________________________________________<\/p>\n\n<p>Ordinato il (*) ____________ \/ ricevuto il (*) __________________<\/p>\n\n<p>________________________________________________________<br \/>\nNome del consumatore (o dei consumatori)<\/p>\n\n<p>________________________________________________________<br \/>\nIndirizzo del\/i consumatore\/i<\/p>\n\n<p>________________________________________________________<br \/>\nFirma del\/i consumatore\/i (solo in caso di notifica su carta)<\/p>\n\n<p>_________________________<br \/>\nData<\/p>\n\n<p>(*) Cancellare come applicabile<\/p><\/div><div id=\"itkanzlei_txt_copyright\" style=\"font-size: 12px; margin-top: 8em;\"><div style=\"display: inline-block; vertical-align: top;\"><a href=\"https:\/\/www.it-recht-kanzlei.de\/\" target=\"_blank\" rel=\"noopener\"><img decoding=\"async\" src=\"https:\/\/www.it-recht-kanzlei.de\/logo\/Copyright-Logo_Widerrufsbelehrung.png?i=323f0-18b72-39c9-907f-1\" id=\"itkanzlei_img_copyright\" alt=\"\u00a9 Studio legale IT\" title=\"\u00a9 Studio legale IT\" style=\"margin-top: -20px; border-style: none; max-width: 100%;\" \/><\/a><\/div><div style=\"display: inline-block; vertical-align: top; margin-left: 5px; float: right; white-space: nowrap;\">Stato: 28.03.2026, 19:17:08<\/div><div style=\"clear: right;\"><\/div><\/div><\/div><\/div>\n\t\t\t\t\t\t<\/div>\n\t\t\t\t<\/div>\n\t\t\t\t\t<\/div>\n\t\t<\/div>\n\t\t\t\t\t<\/div>\n\t\t<\/section>\n\t\t\t\t<\/div>","protected":false},"excerpt":{"rendered":"<p>POLITICA DI CANCELLAZIONE<\/p>","protected":false},"author":8,"featured_media":0,"parent":0,"menu_order":0,"comment_status":"closed","ping_status":"closed","template":"","meta":{"content-type":"","inline_featured_image":false,"ocean_post_layout":"","ocean_both_sidebars_style":"","ocean_both_sidebars_content_width":0,"ocean_both_sidebars_sidebars_width":0,"ocean_sidebar":"0","ocean_second_sidebar":"0","ocean_disable_margins":"enable","ocean_add_body_class":"","ocean_shortcode_before_top_bar":"","ocean_shortcode_after_top_bar":"","ocean_shortcode_before_header":"","ocean_shortcode_after_header":"","ocean_has_shortcode":"","ocean_shortcode_after_title":"","ocean_shortcode_before_footer_widgets":"","ocean_shortcode_after_footer_widgets":"","ocean_shortcode_before_footer_bottom":"","ocean_shortcode_after_footer_bottom":"","ocean_display_top_bar":"default","ocean_display_header":"default","ocean_header_style":"","ocean_center_header_left_menu":"0","ocean_custom_header_template":"0","ocean_custom_logo":0,"ocean_custom_retina_logo":0,"ocean_custom_logo_max_width":0,"ocean_custom_logo_tablet_max_width":0,"ocean_custom_logo_mobile_max_width":0,"ocean_custom_logo_max_height":0,"ocean_custom_logo_tablet_max_height":0,"ocean_custom_logo_mobile_max_height":0,"ocean_header_custom_menu":"0","ocean_menu_typo_font_family":"0","ocean_menu_typo_font_subset":"","ocean_menu_typo_font_size":0,"ocean_menu_typo_font_size_tablet":0,"ocean_menu_typo_font_size_mobile":0,"ocean_menu_typo_font_size_unit":"px","ocean_menu_typo_font_weight":"","ocean_menu_typo_font_weight_tablet":"","ocean_menu_typo_font_weight_mobile":"","ocean_menu_typo_transform":"","ocean_menu_typo_transform_tablet":"","ocean_menu_typo_transform_mobile":"","ocean_menu_typo_line_height":0,"ocean_menu_typo_line_height_tablet":0,"ocean_menu_typo_line_height_mobile":0,"ocean_menu_typo_line_height_unit":"","ocean_menu_typo_spacing":0,"ocean_menu_typo_spacing_tablet":0,"ocean_menu_typo_spacing_mobile":0,"ocean_menu_typo_spacing_unit":"","ocean_menu_link_color":"","ocean_menu_link_color_hover":"","ocean_menu_link_color_active":"","ocean_menu_link_background":"","ocean_menu_link_hover_background":"","ocean_menu_link_active_background":"","ocean_menu_social_links_bg":"","ocean_menu_social_hover_links_bg":"","ocean_menu_social_links_color":"","ocean_menu_social_hover_links_color":"","ocean_disable_title":"default","ocean_disable_heading":"default","ocean_post_title":"","ocean_post_subheading":"","ocean_post_title_style":"","ocean_post_title_background_color":"","ocean_post_title_background":0,"ocean_post_title_bg_image_position":"","ocean_post_title_bg_image_attachment":"","ocean_post_title_bg_image_repeat":"","ocean_post_title_bg_image_size":"","ocean_post_title_height":0,"ocean_post_title_bg_overlay":0.5,"ocean_post_title_bg_overlay_color":"","ocean_disable_breadcrumbs":"default","ocean_breadcrumbs_color":"","ocean_breadcrumbs_separator_color":"","ocean_breadcrumbs_links_color":"","ocean_breadcrumbs_links_hover_color":"","ocean_display_footer_widgets":"default","ocean_display_footer_bottom":"default","ocean_custom_footer_template":"0","footnotes":""},"class_list":["post-16137","page","type-page","status-publish","hentry","entry","owp-thumbs-layout-horizontal","owp-btn-normal","owp-tabs-layout-vertical","has-no-thumbnails","has-product-nav"],"amp_enabled":true,"_links":{"self":[{"href":"https:\/\/anakena.de\/it\/wp-json\/wp\/v2\/pages\/16137","targetHints":{"allow":["GET"]}}],"collection":[{"href":"https:\/\/anakena.de\/it\/wp-json\/wp\/v2\/pages"}],"about":[{"href":"https:\/\/anakena.de\/it\/wp-json\/wp\/v2\/types\/page"}],"author":[{"embeddable":true,"href":"https:\/\/anakena.de\/it\/wp-json\/wp\/v2\/users\/8"}],"replies":[{"embeddable":true,"href":"https:\/\/anakena.de\/it\/wp-json\/wp\/v2\/comments?post=16137"}],"version-history":[{"count":1,"href":"https:\/\/anakena.de\/it\/wp-json\/wp\/v2\/pages\/16137\/revisions"}],"predecessor-version":[{"id":24934,"href":"https:\/\/anakena.de\/it\/wp-json\/wp\/v2\/pages\/16137\/revisions\/24934"}],"wp:attachment":[{"href":"https:\/\/anakena.de\/it\/wp-json\/wp\/v2\/media?parent=16137"}],"curies":[{"name":"wp","href":"https:\/\/api.w.org\/{rel}","templated":true}]}}