{"id":24222,"date":"2025-06-19T01:59:28","date_gmt":"2025-06-19T00:59:28","guid":{"rendered":"https:\/\/anakena.de\/?page_id=24222"},"modified":"2025-06-19T02:46:21","modified_gmt":"2025-06-19T01:46:21","slug":"dichiarazione-sullaccessibilita","status":"publish","type":"page","link":"https:\/\/anakena.de\/it\/erklaerung-zur-barrierefreiheit\/","title":{"rendered":"Dichiarazione sull'accessibilit\u00e0"},"content":{"rendered":"<div data-elementor-type=\"wp-page\" data-elementor-id=\"24222\" class=\"elementor elementor-24222\" data-elementor-settings=\"{&quot;ha_cmc_init_switcher&quot;:&quot;no&quot;}\" data-elementor-post-type=\"page\">\n\t\t\t\t\t\t<section class=\"ob-is-breaking-bad elementor-section elementor-top-section elementor-element elementor-element-122f7e7 elementor-section-boxed elementor-section-height-default elementor-section-height-default\" data-id=\"122f7e7\" data-element_type=\"section\" data-e-type=\"section\" data-settings=\"{&quot;_ob_bbad_use_it&quot;:&quot;yes&quot;,&quot;_ob_bbad_sssic_use&quot;:&quot;no&quot;,&quot;_ob_glider_is_slider&quot;:&quot;no&quot;,&quot;_ha_eqh_enable&quot;:false}\">\n\t\t\t\t\t\t<div class=\"elementor-container elementor-column-gap-default\">\n\t\t\t\t\t<div class=\"elementor-column elementor-col-100 elementor-top-column elementor-element elementor-element-ad41aad\" data-id=\"ad41aad\" data-element_type=\"column\" data-e-type=\"column\" data-settings=\"{&quot;_ob_bbad_is_stalker&quot;:&quot;no&quot;,&quot;_ob_teleporter_use&quot;:false,&quot;_ob_column_hoveranimator&quot;:&quot;no&quot;,&quot;_ob_column_has_pseudo&quot;:&quot;no&quot;}\">\n\t\t\t<div class=\"elementor-widget-wrap elementor-element-populated\">\n\t\t\t\t\t\t<div class=\"elementor-element elementor-element-18c67c4 ob-harakiri-inherit ob-has-background-overlay elementor-widget elementor-widget-heading\" data-id=\"18c67c4\" data-element_type=\"widget\" data-e-type=\"widget\" data-settings=\"{&quot;_ob_use_harakiri&quot;:&quot;yes&quot;,&quot;_ob_harakiri_writing_mode&quot;:&quot;inherit&quot;,&quot;_ob_harakiri_text_clip&quot;:&quot;none&quot;,&quot;_ob_perspektive_use&quot;:&quot;no&quot;,&quot;_ob_poopart_use&quot;:&quot;yes&quot;,&quot;_ob_shadough_use&quot;:&quot;no&quot;,&quot;_ob_allow_hoveranimator&quot;:&quot;no&quot;,&quot;_ob_widget_stalker_use&quot;:&quot;no&quot;}\" data-widget_type=\"heading.default\">\n\t\t\t\t<div class=\"elementor-widget-container\">\n\t\t\t\t\t<h2 class=\"elementor-heading-title elementor-size-default\">DICHIARAZIONE DI ACCESSIBILIT\u00c0<\/h2>\t\t\t\t<\/div>\n\t\t\t\t<\/div>\n\t\t\t\t\t<\/div>\n\t\t<\/div>\n\t\t\t\t\t<\/div>\n\t\t<\/section>\n\t\t\t\t<section class=\"ob-is-breaking-bad elementor-section elementor-top-section elementor-element elementor-element-1b75a47 elementor-section-boxed elementor-section-height-default elementor-section-height-default\" data-id=\"1b75a47\" data-element_type=\"section\" data-e-type=\"section\" data-settings=\"{&quot;_ob_bbad_use_it&quot;:&quot;yes&quot;,&quot;_ob_bbad_sssic_use&quot;:&quot;no&quot;,&quot;_ob_glider_is_slider&quot;:&quot;no&quot;,&quot;_ha_eqh_enable&quot;:false}\">\n\t\t\t\t\t\t<div class=\"elementor-container elementor-column-gap-default\">\n\t\t\t\t\t<div class=\"elementor-column elementor-col-100 elementor-top-column elementor-element elementor-element-597e2e3\" data-id=\"597e2e3\" data-element_type=\"column\" data-e-type=\"column\" data-settings=\"{&quot;_ob_bbad_is_stalker&quot;:&quot;no&quot;,&quot;_ob_teleporter_use&quot;:false,&quot;_ob_column_hoveranimator&quot;:&quot;no&quot;,&quot;_ob_column_has_pseudo&quot;:&quot;no&quot;}\">\n\t\t\t<div class=\"elementor-widget-wrap elementor-element-populated\">\n\t\t\t\t\t\t<div class=\"elementor-element elementor-element-c801e6a ob-harakiri-inherit ob-has-background-overlay elementor-widget elementor-widget-text-editor\" data-id=\"c801e6a\" data-element_type=\"widget\" data-e-type=\"widget\" data-settings=\"{&quot;_ob_use_harakiri&quot;:&quot;yes&quot;,&quot;_ob_harakiri_writing_mode&quot;:&quot;inherit&quot;,&quot;_ob_postman_use&quot;:&quot;no&quot;,&quot;_ob_perspektive_use&quot;:&quot;no&quot;,&quot;_ob_poopart_use&quot;:&quot;yes&quot;,&quot;_ob_shadough_use&quot;:&quot;no&quot;,&quot;_ob_allow_hoveranimator&quot;:&quot;no&quot;,&quot;_ob_widget_stalker_use&quot;:&quot;no&quot;}\" data-widget_type=\"text-editor.default\">\n\t\t\t\t<div class=\"elementor-widget-container\">\n\t\t\t\t\t\t\t\t\t<h2 style=\"text-align: center;\">1) Introduzione<\/h2><p style=\"text-align: center;\">Grazie per aver visitato il nostro sito web e per il vostro interesse.<br \/>Di seguito troverete informazioni sull'accessibilit\u00e0 dei nostri servizi online.<br \/>Vi informeremo in merito,<br \/>- quale offerta e quali funzioni si possono prevedere su questo sito web,<br \/>- come utilizzare l'offerta e le funzioni,<br \/>- quali opzioni di utilizzo senza barriere sono disponibili e<br \/>- quale autorit\u00e0 \u00e8 responsabile del monitoraggio dell'accessibilit\u00e0 di questo sito web.<\/p><h2 style=\"text-align: center;\">2) Offerta e funzioni di questo sito web<\/h2><p style=\"text-align: center;\">Questo sito web \u00e8 un negozio online per la vendita di merci.<br \/>Gli oggetti fisici sono considerati beni.<br \/>Vi verr\u00e0 presentata la merce che pu\u00f2 essere aggiunta a un carrello elettronico e quindi ordinata e pagata.<br \/>Questo sito web ha un menu di intestazione e uno di pi\u00e8 di pagina.<br \/>Nel menu di testa, i prodotti che vendiamo sono elencati per categoria e possono essere richiamati singolarmente da l\u00ec.<br \/>Ogni prodotto \u00e8 descritto in una propria pagina di dettaglio con ulteriori informazioni sulle sue caratteristiche principali, la portata della consegna e il prezzo totale. Da qui pu\u00f2 essere aggiunto al carrello elettronico.<br \/>\u00c8 possibile visitare il carrello elettronico anche attraverso il menu di testa, non appena vi \u00e8 stato aggiunto almeno un articolo. Il processo di ordinazione elettronica pu\u00f2 essere avviato e completato da questo carrello.<br \/>Nel menu a pi\u00e8 di pagina troverete i link al nostro marchio con le nostre informazioni di contatto, nonch\u00e9 informazioni sulla base legale della nostra offerta online, sulle opzioni di spedizione e di pagamento e link ad altre pagine di servizio utili.<\/p><h2 style=\"text-align: center;\">3) Spiegazioni sull'uso dell'offerta e delle funzioni<\/h2><p style=\"text-align: center;\">3.1 Pulsanti virtuali<br \/>Questo sito web pu\u00f2 essere gestito tramite pulsanti virtuali.<br \/>3.2 Pagine iniziale, panoramica e di dettaglio<br \/>Nella homepage, al centro della pagina si trova una selezione di prodotti in offerta. Interagendo con la presentazione di un prodotto si accede alla pagina dei dettagli del prodotto.<br \/>\u00c8 possibile navigare tra le diverse categorie di prodotti nel menu della testata.<br \/>Dopo aver selezionato una categoria, si accede a una pagina di riepilogo in cui sono visualizzati tutti i prodotti della categoria.<br \/>L'interazione con la presentazione di un prodotto nella pagina di panoramica porta alla pagina di dettaglio del prodotto.<br \/>Oltre a tutte le informazioni essenziali sul prodotto e al prezzo totale, le pagine di dettaglio del prodotto possono contenere un elemento di selezione della quantit\u00e0 e un pulsante del carrello.<br \/>Se disponibile, la quantit\u00e0 d'ordine desiderata pu\u00f2 essere specificata tramite la selezione della quantit\u00e0.<br \/>3.3 Carrello elettronico<br \/>Facendo clic sul pulsante del carrello, si aggiunge il prodotto (nella quantit\u00e0 selezionata, se applicabile) al carrello elettronico.<br \/>Questo carrello elettronico pu\u00f2 essere richiamato in qualsiasi momento tramite il menu della testata.<br \/>Qui \u00e8 possibile controllare innanzitutto i prodotti aggiunti. Utilizzando i pulsanti corrispondenti, \u00e8 possibile rimuovere nuovamente i prodotti o, se necessario, modificare la quantit\u00e0 dell'ordine.<br \/>3.4 Processo di ordinazione elettronica<br \/>Dopo la verifica, \u00e8 possibile completare il processo di ordinazione elettronica interagendo con i pulsanti corrispondenti.<br \/>A tal fine, vi verr\u00e0 prima chiesto di inserire i vostri dati di contatto (almeno nome, indirizzo e-mail e indirizzo di consegna o di fatturazione) nella maschera di immissione.<br \/>Nella fase successiva, \u00e8 possibile scegliere tra le opzioni di consegna e di servizio disponibili.<br \/>Infine, \u00e8 possibile scegliere uno dei metodi di pagamento disponibili, inserire i dati necessari per il pagamento e concludere l'ordine.<br \/>L'inserimento vincolante dell'ordine avviene solo quando si clicca sull'apposito pulsante nella pagina finale dell'ordine. La dicitura \u00e8 \"Acquista\", \"Acquista ora\", \"Ordine con obbligo di pagamento\" o un'altra formulazione chiara.<br \/>Prima di premere questo pulsante d'ordine, \u00e8 possibile tornare alle fasi precedenti e\/o annullare il processo d'ordine in qualsiasi momento utilizzando il pulsante \"Indietro\" del browser.<br \/>Se avete scelto di pagare con un metodo di pagamento online, sarete reindirizzati dalla pagina finale dell'ordine al sistema del fornitore del pagamento per effettuare il pagamento.<\/p><h2 style=\"text-align: center;\">4) Requisiti legali per l'accessibilit\u00e0<\/h2><p style=\"text-align: center;\">Come negozio online, questo sito web appartiene ai cosiddetti \"servizi nelle transazioni commerciali elettroniche\" ed \u00e8 caratterizzato da un'opzione di ordinazione e pagamento elettronico.<br \/>Ad essi si applicano speciali requisiti legali di accessibilit\u00e0.<br \/>In generale, questo sito web deve fornire funzioni e procedure orientate alle esigenze delle persone con disabilit\u00e0 e consentire la fruibilit\u00e0 con ausili digitali.<br \/>Le funzioni del negozio online di questo sito web devono essere<br \/>- percepibile<br \/>- operabile<br \/>- comprensibile e<br \/>- robusto<br \/>essere progettato.<br \/>Percepibilit\u00e0 significa che le informazioni e i componenti del negozio online sono presentati in modo tale da poter essere facilmente percepiti da tutti gli utenti.<br \/>L'usabilit\u00e0 richiede che le funzioni del negozio online possano essere utilizzate anche da utenti con mobilit\u00e0 o intelligenza limitate.<br \/>La comprensibilit\u00e0 richiede che le informazioni e le funzioni del negozio online siano strutturate in modo logico, facilmente riconoscibili e chiaramente etichettate.<br \/>Infine, la robustezza richiede che i contenuti e le funzioni del negozio online possano essere utilizzati in modo affidabile e senza restrizioni, anche se gli utenti utilizzano strumenti digitali.<br \/>Se nel negozio online sono in vendita prodotti soggetti a specifici requisiti di accessibilit\u00e0, per tali prodotti devono essere fornite informazioni sull'uso accessibile, ove disponibili.<\/p><h2 style=\"text-align: center;\">5) Ausili disponibili per l'utilizzo senza barriere<\/h2><p style=\"text-align: center;\">Questo sito web soddisfa i requisiti di accessibilit\u00e0 attraverso le seguenti misure:<br \/>- Dimensione dei caratteri personalizzabile: la dimensione dei caratteri del contenuto della pagina pu\u00f2 essere regolata per renderla il pi\u00f9 possibile percepibile da ogni utente.<br \/>- captchas accessibili: per garantire che gli input siano di origine umana, possono essere utilizzati i cosiddetti \"captchas\". Questi captchas possono essere utilizzati non solo attraverso la categorizzazione visiva, ma anche risolvendo semplici compiti mentali.<br \/>- Operabilit\u00e0 tramite mouse e tastiera: le funzioni del negozio online possono essere utilizzate sia con il mouse che con la tastiera. Il puntatore del mouse pu\u00f2 essere spostato e azionato nel negozio online utilizzando i tasti di controllo della tastiera.<br \/>- Output di pagina indipendente dal browser: i contenuti e le funzioni di questo sito web sono disponibili con lo stesso layout, orientamento e risoluzione indipendentemente dal browser utilizzato.<br \/>- Fogli di stile a cascata (CSS): Un linguaggio di programmazione che separa la presentazione del contenuto della pagina in termini di layout, colore e design dalla struttura del contenuto. Ci\u00f2 consente agli strumenti digitali di utilizzare i propri schemi di visibilit\u00e0 per visualizzare il contenuto della pagina.<br \/>- Spaziatura sufficiente tra i caratteri: i caratteri sono visualizzati a una distanza sufficiente l'uno dall'altro in modo da non compromettere la leggibilit\u00e0.<br \/>- Design reattivo (adattamento alle diverse dimensioni dello schermo): I contenuti, gli elementi e le funzioni si adattano automaticamente alle dimensioni dello schermo utilizzato.<br \/>- Scalabilit\u00e0 (visibilit\u00e0 quando si ingrandisce): Gli elementi e i contenuti della pagina rimangono leggibili in alta risoluzione anche quando vengono ingranditi.<br \/>- Forte contrasto cromatico: \u00e8 preimpostato un forte contrasto tra i colori dei caratteri e degli sfondi per garantire una visibilit\u00e0 ottimale degli elementi della pagina.<br \/>- Note di testo se i campi di immissione non sono compilati: Se i campi di immissione obbligatori non sono compilati, oltre a un'evidenziazione colorata viene visualizzato un messaggio di testo. Questa nota chiarisce quali informazioni mancano nel campo di immissione.<\/p><h2 style=\"text-align: center;\">6) Autorit\u00e0 di vigilanza competente<\/h2><p style=\"text-align: center;\">Un'autorit\u00e0 di controllo sar\u00e0 responsabile del monitoraggio dell'accessibilit\u00e0 di questo sito web.<br \/>Questo non \u00e8 ancora stato determinato.<br \/>Non appena viene nominata un'autorit\u00e0 competente, il suo nome e l'indirizzo saranno indicati qui.<\/p><p style=\"text-align: center;\"><span style=\"font-size: 10pt;\">Nota sul copyright: creato dagli avvocati specializzati dello studio legale IT e protetto da copyright (https:\/\/www.it-recht-kanzlei.de).<br \/><\/span><span style=\"font-size: 10pt;\">Stato: 19\/06\/2025, 02:59:39<\/span><\/p>\t\t\t\t\t\t\t\t<\/div>\n\t\t\t\t<\/div>\n\t\t\t\t\t<\/div>\n\t\t<\/div>\n\t\t\t\t\t<\/div>\n\t\t<\/section>\n\t\t\t\t<\/div>","protected":false},"excerpt":{"rendered":"<p>BARRIEREFREIHEITSERKL\u00c4RUNG 1) Einleitung Wir freuen uns \u00fcber Ihren Besuch unserer Website und bedanken uns f\u00fcr Ihr Interesse.Nachstehend erhalten Sie Informationen zur barrierefreien Nutzbarkeit unseres Online-Angebots.Wir informieren Sie dar\u00fcber,&#8211; welches Angebot und welche Funktionen Sie auf dieser Website erwarten,&#8211; wie Sie dieses Angebot und die Funktionen nutzen k\u00f6nnen,&#8211; welche M\u00f6glichkeiten zur barrierefreien Nutzung Ihnen zur Verf\u00fcgung [&hellip;]<\/p>\n","protected":false},"author":8,"featured_media":0,"parent":0,"menu_order":0,"comment_status":"closed","ping_status":"closed","template":"","meta":{"content-type":"","inline_featured_image":false,"ocean_post_layout":"","ocean_both_sidebars_style":"","ocean_both_sidebars_content_width":0,"ocean_both_sidebars_sidebars_width":0,"ocean_sidebar":"","ocean_second_sidebar":"","ocean_disable_margins":"enable","ocean_add_body_class":"","ocean_shortcode_before_top_bar":"","ocean_shortcode_after_top_bar":"","ocean_shortcode_before_header":"","ocean_shortcode_after_header":"","ocean_has_shortcode":"","ocean_shortcode_after_title":"","ocean_shortcode_before_footer_widgets":"","ocean_shortcode_after_footer_widgets":"","ocean_shortcode_before_footer_bottom":"","ocean_shortcode_after_footer_bottom":"","ocean_display_top_bar":"default","ocean_display_header":"default","ocean_header_style":"","ocean_center_header_left_menu":"","ocean_custom_header_template":"","ocean_custom_logo":0,"ocean_custom_retina_logo":0,"ocean_custom_logo_max_width":0,"ocean_custom_logo_tablet_max_width":0,"ocean_custom_logo_mobile_max_width":0,"ocean_custom_logo_max_height":0,"ocean_custom_logo_tablet_max_height":0,"ocean_custom_logo_mobile_max_height":0,"ocean_header_custom_menu":"","ocean_menu_typo_font_family":"","ocean_menu_typo_font_subset":"","ocean_menu_typo_font_size":0,"ocean_menu_typo_font_size_tablet":0,"ocean_menu_typo_font_size_mobile":0,"ocean_menu_typo_font_size_unit":"px","ocean_menu_typo_font_weight":"","ocean_menu_typo_font_weight_tablet":"","ocean_menu_typo_font_weight_mobile":"","ocean_menu_typo_transform":"","ocean_menu_typo_transform_tablet":"","ocean_menu_typo_transform_mobile":"","ocean_menu_typo_line_height":0,"ocean_menu_typo_line_height_tablet":0,"ocean_menu_typo_line_height_mobile":0,"ocean_menu_typo_line_height_unit":"","ocean_menu_typo_spacing":0,"ocean_menu_typo_spacing_tablet":0,"ocean_menu_typo_spacing_mobile":0,"ocean_menu_typo_spacing_unit":"","ocean_menu_link_color":"","ocean_menu_link_color_hover":"","ocean_menu_link_color_active":"","ocean_menu_link_background":"","ocean_menu_link_hover_background":"","ocean_menu_link_active_background":"","ocean_menu_social_links_bg":"","ocean_menu_social_hover_links_bg":"","ocean_menu_social_links_color":"","ocean_menu_social_hover_links_color":"","ocean_disable_title":"default","ocean_disable_heading":"default","ocean_post_title":"","ocean_post_subheading":"","ocean_post_title_style":"","ocean_post_title_background_color":"","ocean_post_title_background":0,"ocean_post_title_bg_image_position":"","ocean_post_title_bg_image_attachment":"","ocean_post_title_bg_image_repeat":"","ocean_post_title_bg_image_size":"","ocean_post_title_height":0,"ocean_post_title_bg_overlay":0.5,"ocean_post_title_bg_overlay_color":"","ocean_disable_breadcrumbs":"default","ocean_breadcrumbs_color":"","ocean_breadcrumbs_separator_color":"","ocean_breadcrumbs_links_color":"","ocean_breadcrumbs_links_hover_color":"","ocean_display_footer_widgets":"default","ocean_display_footer_bottom":"default","ocean_custom_footer_template":"","footnotes":""},"class_list":["post-24222","page","type-page","status-publish","hentry","entry","owp-thumbs-layout-horizontal","owp-btn-normal","owp-tabs-layout-vertical","has-no-thumbnails","has-product-nav"],"amp_enabled":true,"_links":{"self":[{"href":"https:\/\/anakena.de\/it\/wp-json\/wp\/v2\/pages\/24222","targetHints":{"allow":["GET"]}}],"collection":[{"href":"https:\/\/anakena.de\/it\/wp-json\/wp\/v2\/pages"}],"about":[{"href":"https:\/\/anakena.de\/it\/wp-json\/wp\/v2\/types\/page"}],"author":[{"embeddable":true,"href":"https:\/\/anakena.de\/it\/wp-json\/wp\/v2\/users\/8"}],"replies":[{"embeddable":true,"href":"https:\/\/anakena.de\/it\/wp-json\/wp\/v2\/comments?post=24222"}],"version-history":[{"count":0,"href":"https:\/\/anakena.de\/it\/wp-json\/wp\/v2\/pages\/24222\/revisions"}],"wp:attachment":[{"href":"https:\/\/anakena.de\/it\/wp-json\/wp\/v2\/media?parent=24222"}],"curies":[{"name":"wp","href":"https:\/\/api.w.org\/{rel}","templated":true}]}}